
{"id":11495,"date":"2023-10-09T16:39:14","date_gmt":"2023-10-09T14:39:14","guid":{"rendered":"https:\/\/dev.tandemmadrid.com\/shop\/reservez-le-cours-cours-dete-pour-juniors-football-360o-par-generation-adidas\/"},"modified":"2024-02-07T11:35:44","modified_gmt":"2024-02-07T10:35:44","slug":"juniors-football-adidas","status":"publish","type":"product","link":"https:\/\/dev.tandemmadrid.com\/fr\/boutique\/juniors-football-adidas\/","title":{"rendered":"R\u00e9servez le cours : Cours d&rsquo;\u00e9t\u00e9 pour juniors + football 360\u00ba par G\u00e9n\u00e9ration Adidas"},"content":{"rendered":"","protected":false},"excerpt":{"rendered":"<p>TANDEM Escuela Internacional, Generation Adidas International et The Spanish Way sont fiers de vous offrir un cours d&rsquo;espagnol exclusif de 2 semaines dans l&rsquo;une des meilleures \u00e9coles de Madrid et une exp\u00e9rience de football en groupe ferm\u00e9. Vous apprendrez l&rsquo;espagnol avec d&rsquo;excellents professeurs, vous vous entra\u00eenerez avec des entra\u00eeneurs qualifi\u00e9s et dans les meilleures installations d&rsquo;un complexe sportif.<\/p>\n<p style=\"text-align:center;\"><a href=\"\/fr\/c\/cours-dete-jeunes-football-generation-adidas\/\" title=\"En savoir plus sur le cours : Cours d'\u00e9t\u00e9 pour juniors + football 360\u00ba par G\u00e9n\u00e9ration Adidas\" class=\"buttonaction\">En savoir plus sur ce cours<\/a><\/p>\n","protected":false},"featured_media":8518,"template":"","meta":[],"product_cat":[174],"product_tag":[],"_links":{"self":[{"href":"https:\/\/dev.tandemmadrid.com\/fr\/wp-json\/wp\/v2\/product\/11495"}],"collection":[{"href":"https:\/\/dev.tandemmadrid.com\/fr\/wp-json\/wp\/v2\/product"}],"about":[{"href":"https:\/\/dev.tandemmadrid.com\/fr\/wp-json\/wp\/v2\/types\/product"}],"version-history":[{"count":0,"href":"https:\/\/dev.tandemmadrid.com\/fr\/wp-json\/wp\/v2\/product\/11495\/revisions"}],"wp:featuredmedia":[{"embeddable":true,"href":"https:\/\/dev.tandemmadrid.com\/fr\/wp-json\/wp\/v2\/media\/8518"}],"wp:attachment":[{"href":"https:\/\/dev.tandemmadrid.com\/fr\/wp-json\/wp\/v2\/media?parent=11495"}],"wp:term":[{"taxonomy":"product_cat","embeddable":true,"href":"https:\/\/dev.tandemmadrid.com\/fr\/wp-json\/wp\/v2\/product_cat?post=11495"},{"taxonomy":"product_tag","embeddable":true,"href":"https:\/\/dev.tandemmadrid.com\/fr\/wp-json\/wp\/v2\/product_tag?post=11495"}],"curies":[{"name":"wp","href":"https:\/\/api.w.org\/{rel}","templated":true}]}}