
{"id":11498,"date":"2023-10-10T17:58:26","date_gmt":"2023-10-10T15:58:26","guid":{"rendered":"https:\/\/dev.tandemmadrid.com\/shop\/reservez-le-cours-cours-despagnol-intensif-standard\/"},"modified":"2024-02-07T11:46:58","modified_gmt":"2024-02-07T10:46:58","slug":"espagnol-intensif-standard","status":"publish","type":"product","link":"https:\/\/dev.tandemmadrid.com\/fr\/boutique\/espagnol-intensif-standard\/","title":{"rendered":"R\u00e9servez le cours : Cours d&rsquo;espagnol intensif standard"},"content":{"rendered":"<table class=\"tabla-cursos\" border=\"1\">\n<tbody>\n<tr>\n<td class=\"celdas-izq\">Date de d\u00e9but<\/td>\n<td class=\"celdas-dcha\">Tous les lundis de l\u2019ann\u00e9e<\/td>\n<\/tr>\n<tr class=\"fondo-color\">\n<td class=\"celdas-izq\">Le\u00e7ons par semaine<\/td>\n<td class=\"celdas-dcha\">20 le\u00e7ons\/semaine d\u2019espagnol \u2013 4 le\u00e7ons\/jour + 2 le\u00e7ons\/semaine d\u2019espagnol et conversation \u00e0 partir du niveau A2. En tout : 22 le\u00e7ons\/semaine<\/td>\n<\/tr>\n<tr>\n<td class=\"celdas-izq\">Dur\u00e9e<\/td>\n<td class=\"celdas-dcha\">Minimum : 1 semaine<\/td>\n<\/tr>\n<tr class=\"fondo-color\">\n<td class=\"celdas-izq\">Niveaux<\/td>\n<td class=\"celdas-dcha\">Tous les niveaux<\/td>\n<\/tr>\n<tr class=\"fondo-color\">\n<td class=\"celdas-izq\">Dur\u00e9e de chaque le\u00e7on<\/td>\n<td class=\"celdas-dcha\">45 min<\/td>\n<\/tr>\n<tr>\n<td class=\"celdas-izq\">Frais d\u2019inscription<\/td>\n<td class=\"celdas-dcha\"><strong>50\u20ac<\/strong><\/td>\n<\/tr>\n<\/tbody>\n<\/table>\n","protected":false},"excerpt":{"rendered":"<div>Notre cours d&rsquo;espagnol intensif a lieu le matin de 9h30 \u00e0 13h, vous laissant toute l&rsquo;apr\u00e8s-midi et la soir\u00e9e pour profiter des innombrables offres de loisirs et de culture \u00e0 Madrid. Comme notre \u00e9cole se trouve au c\u0153ur de la ville, tu pourras visiter des mus\u00e9es, des palais ou des expositions tous les jours de la semaine, mais aussi te promener dans les parcs de Madrid ou sortir manger des tapas avec tes camarades de classe ou ton partenaire tandem.<br \/>\nAvec 20 le\u00e7ons par semaine incluses dans le cours d&rsquo;espagnol intensif, les progr\u00e8s dans l&rsquo;apprentissage de la langue espagnole sont graduels et constants, ainsi que l&rsquo;absorption de la culture espagnole.<\/p>\n<p style=\"text-align:center;\"><a href=\"\/fr\/c\/cours-intensif-espagnol\/\" title=\"En savoir plus sur le cours: Cours intensif d\u2019Espagnol \u00e0 Madrid\" class=\"buttonaction\">En savoir plus sur ce cours<\/a><\/p>\n<\/div>\n","protected":false},"featured_media":6013,"template":"","meta":[],"product_cat":[159],"product_tag":[],"_links":{"self":[{"href":"https:\/\/dev.tandemmadrid.com\/fr\/wp-json\/wp\/v2\/product\/11498"}],"collection":[{"href":"https:\/\/dev.tandemmadrid.com\/fr\/wp-json\/wp\/v2\/product"}],"about":[{"href":"https:\/\/dev.tandemmadrid.com\/fr\/wp-json\/wp\/v2\/types\/product"}],"version-history":[{"count":0,"href":"https:\/\/dev.tandemmadrid.com\/fr\/wp-json\/wp\/v2\/product\/11498\/revisions"}],"wp:featuredmedia":[{"embeddable":true,"href":"https:\/\/dev.tandemmadrid.com\/fr\/wp-json\/wp\/v2\/media\/6013"}],"wp:attachment":[{"href":"https:\/\/dev.tandemmadrid.com\/fr\/wp-json\/wp\/v2\/media?parent=11498"}],"wp:term":[{"taxonomy":"product_cat","embeddable":true,"href":"https:\/\/dev.tandemmadrid.com\/fr\/wp-json\/wp\/v2\/product_cat?post=11498"},{"taxonomy":"product_tag","embeddable":true,"href":"https:\/\/dev.tandemmadrid.com\/fr\/wp-json\/wp\/v2\/product_tag?post=11498"}],"curies":[{"name":"wp","href":"https:\/\/api.w.org\/{rel}","templated":true}]}}