
{"id":11500,"date":"2023-10-10T12:17:29","date_gmt":"2023-10-10T10:17:29","guid":{"rendered":"https:\/\/dev.tandemmadrid.com\/shop\/devis-pour-le-cours-programme-des-villes-espagnoles\/"},"modified":"2024-02-07T12:01:37","modified_gmt":"2024-02-07T11:01:37","slug":"villes-espagnoles","status":"publish","type":"product","link":"https:\/\/dev.tandemmadrid.com\/fr\/boutique\/villes-espagnoles\/","title":{"rendered":"Devis pour le cours : Programme des villes espagnoles"},"content":{"rendered":"<p>Tout au long de l&rsquo;ann\u00e9e, TANDEM Madrid offre la possibilit\u00e9 de participer \u00e0 des programmes d&rsquo;espagnol \u00e0 Madrid qui sont combin\u00e9s avec nos \u00e9coles partenaires de San Sebastian, Grenade et Barcelone. C&rsquo;est une tr\u00e8s bonne alternative pour ceux qui veulent profiter au maximum de leur s\u00e9jour en Espagne et conna\u00eetre diff\u00e9rents endroits du pays.<\/p>\n<p>Le s\u00e9jour minimum du programme autour des villes d&rsquo;Espagne est de 2 semaines.<\/p>\n","protected":false},"excerpt":{"rendered":"<p>Il s&rsquo;agit d&rsquo;un cours sur mesure. Veuillez demander un devis expliquant tous les d\u00e9tails que nous devons prendre en compte, comme la dur\u00e9e, le nombre de participants, les dates de d\u00e9but, etc. Notre \u00e9quipe vous contactera avec une proposition et toutes les informations, afin que vous puissiez r\u00e9server le cours ult\u00e9rieurement.<\/p>\n<p style=\"text-align:center;\"><a href=\"\/fr\/c\/sejour-linguistique-espagnol-espagne-groupes\/\" title=\"En savoir plus sur le cours : Programme des villes espagnoles\" class=\"buttonaction\">En savoir plus sur ce cours<\/a><\/p>\n","protected":false},"featured_media":6703,"template":"","meta":[],"product_cat":[170],"product_tag":[],"_links":{"self":[{"href":"https:\/\/dev.tandemmadrid.com\/fr\/wp-json\/wp\/v2\/product\/11500"}],"collection":[{"href":"https:\/\/dev.tandemmadrid.com\/fr\/wp-json\/wp\/v2\/product"}],"about":[{"href":"https:\/\/dev.tandemmadrid.com\/fr\/wp-json\/wp\/v2\/types\/product"}],"version-history":[{"count":0,"href":"https:\/\/dev.tandemmadrid.com\/fr\/wp-json\/wp\/v2\/product\/11500\/revisions"}],"wp:featuredmedia":[{"embeddable":true,"href":"https:\/\/dev.tandemmadrid.com\/fr\/wp-json\/wp\/v2\/media\/6703"}],"wp:attachment":[{"href":"https:\/\/dev.tandemmadrid.com\/fr\/wp-json\/wp\/v2\/media?parent=11500"}],"wp:term":[{"taxonomy":"product_cat","embeddable":true,"href":"https:\/\/dev.tandemmadrid.com\/fr\/wp-json\/wp\/v2\/product_cat?post=11500"},{"taxonomy":"product_tag","embeddable":true,"href":"https:\/\/dev.tandemmadrid.com\/fr\/wp-json\/wp\/v2\/product_tag?post=11500"}],"curies":[{"name":"wp","href":"https:\/\/api.w.org\/{rel}","templated":true}]}}