
{"id":11502,"date":"2024-01-28T12:42:56","date_gmt":"2024-01-28T11:42:56","guid":{"rendered":"https:\/\/dev.tandemmadrid.com\/shop\/reservez-le-cours-camp-dete-urbain-junior-a-madrid-7-12-ans\/"},"modified":"2024-02-07T12:12:17","modified_gmt":"2024-02-07T11:12:17","slug":"camp-ete-urbain-junior","status":"publish","type":"product","link":"https:\/\/dev.tandemmadrid.com\/fr\/boutique\/camp-ete-urbain-junior\/","title":{"rendered":"R\u00e9servez le cours : Camp d\u2019\u00e9t\u00e9 urbain junior \u00e0 Madrid (7-12 ans)"},"content":{"rendered":"","protected":false},"excerpt":{"rendered":"<p>Vacances ludiques et \u00e9ducatives en espagnol pour les enfants de 7 \u00e0 12 ans, disponibles en juin, juillet et ao\u00fbt. Du lundi au vendredi. Petits groupes dans un environnement stimulant. <\/p>\n<p style=\"text-align:center;\"><a href=\"\" title=\"Plus d'informations sur le cours: Summer urban camps for Kids (7-12 years old)\" class=\"buttonaction\">Plus d&rsquo;informations sur le cours<\/a><\/p>\n","protected":false},"featured_media":7343,"template":"","meta":[],"product_cat":[174],"product_tag":[],"_links":{"self":[{"href":"https:\/\/dev.tandemmadrid.com\/fr\/wp-json\/wp\/v2\/product\/11502"}],"collection":[{"href":"https:\/\/dev.tandemmadrid.com\/fr\/wp-json\/wp\/v2\/product"}],"about":[{"href":"https:\/\/dev.tandemmadrid.com\/fr\/wp-json\/wp\/v2\/types\/product"}],"version-history":[{"count":0,"href":"https:\/\/dev.tandemmadrid.com\/fr\/wp-json\/wp\/v2\/product\/11502\/revisions"}],"wp:featuredmedia":[{"embeddable":true,"href":"https:\/\/dev.tandemmadrid.com\/fr\/wp-json\/wp\/v2\/media\/7343"}],"wp:attachment":[{"href":"https:\/\/dev.tandemmadrid.com\/fr\/wp-json\/wp\/v2\/media?parent=11502"}],"wp:term":[{"taxonomy":"product_cat","embeddable":true,"href":"https:\/\/dev.tandemmadrid.com\/fr\/wp-json\/wp\/v2\/product_cat?post=11502"},{"taxonomy":"product_tag","embeddable":true,"href":"https:\/\/dev.tandemmadrid.com\/fr\/wp-json\/wp\/v2\/product_tag?post=11502"}],"curies":[{"name":"wp","href":"https:\/\/api.w.org\/{rel}","templated":true}]}}