
{"id":11504,"date":"2023-10-09T16:07:10","date_gmt":"2023-10-09T14:07:10","guid":{"rendered":"https:\/\/dev.tandemmadrid.com\/shop\/reservez-le-cours-cours-intensif-despagnol-des-affaires\/"},"modified":"2024-02-07T12:38:56","modified_gmt":"2024-02-07T11:38:56","slug":"intensif-espagnol-affaires","status":"publish","type":"product","link":"https:\/\/dev.tandemmadrid.com\/fr\/boutique\/intensif-espagnol-affaires\/","title":{"rendered":"R\u00e9servez le cours : Cours intensif d\u2019Espagnol des affaires"},"content":{"rendered":"<table class=\"tabla-cursos\" border=\"1\">\n<tbody>\n<tr>\n<td class=\"celdas-izq\">Disponibilit\u00e9<\/td>\n<td class=\"celdas-dcha\">TOUTE L\u2019ANN\u00c9E<\/td>\n<\/tr>\n<tr class=\"fondo-color\">\n<td class=\"celdas-izq\">Le\u00e7ons par semaine<\/td>\n<td class=\"celdas-dcha\">20 le\u00e7ons en groupe + 10 le\u00e7ons particuli\u00e8res \/ semaine<\/td>\n<\/tr>\n<tr>\n<td class=\"celdas-izq\">Dur\u00e9e<\/td>\n<td class=\"celdas-dcha\">Pour 1 semaine<\/td>\n<\/tr>\n<tr class=\"fondo-color\">\n<td class=\"celdas-izq\">Niveaux<\/td>\n<td class=\"celdas-dcha\">Certificado B\u00e1sico de Espa\u00f1ol de los Negocios, Certificado Superior de Espa\u00f1ol de los Negocios, Diploma de Espa\u00f1ol de los Negocios<\/td>\n<\/tr>\n<tr>\n<td class=\"celdas-izq\">Horaire<\/td>\n<td class=\"celdas-dcha\">9:30-11:00, 11:30-13:00, 13:30-15:00<\/td>\n<\/tr>\n<tr class=\"fondo-color\">\n<td class=\"celdas-izq\">Dur\u00e9e Le\u00e7on<\/td>\n<td class=\"celdas-dcha\">45 min<\/td>\n<\/tr>\n<tr>\n<td class=\"celdas-izq\">Frais d\u2019inscription<\/td>\n<td class=\"celdas-dcha\"><strong>50\u20ac<\/strong><\/td>\n<\/tr>\n<\/tbody>\n<\/table>\n","protected":false},"excerpt":{"rendered":"<p>Le programme intensif d&rsquo;espagnol des affaires, qui dure au moins une semaine, comprend un total de 20 le\u00e7ons de groupe par semaine et 10 le\u00e7ons priv\u00e9es par semaine de 45 minutes chacune. Cela permet \u00e0 chaque \u00e9tudiant de ma\u00eetriser ses objectifs personnels en b\u00e9n\u00e9ficiant \u00e0 la fois des le\u00e7ons en groupe et des le\u00e7ons individuelles.<\/p>\n<p>De 9h30 \u00e0 11h00 et de 11h30 \u00e0 13h00, les cours sont en groupe et l&rsquo;accent est mis sur l&rsquo;espagnol g\u00e9n\u00e9ral. De 13h30 \u00e0 15h00, l&rsquo;accent est mis sur les aspects sp\u00e9cifiques du langage commercial et des affaires.<\/p>\n<p style=\"text-align:center;\"><a href=\"\/fr\/c\/espagnol-affaires-chambre-commerce\/\" title=\"En savoir plus sur le cours: Cours intensif d\u2019Espagnol des affaires\n\" class=\"buttonaction\">En savoir plus sur ce cours<\/a><\/p>\n","protected":false},"featured_media":6758,"template":"","meta":[],"product_cat":[159,166],"product_tag":[],"_links":{"self":[{"href":"https:\/\/dev.tandemmadrid.com\/fr\/wp-json\/wp\/v2\/product\/11504"}],"collection":[{"href":"https:\/\/dev.tandemmadrid.com\/fr\/wp-json\/wp\/v2\/product"}],"about":[{"href":"https:\/\/dev.tandemmadrid.com\/fr\/wp-json\/wp\/v2\/types\/product"}],"version-history":[{"count":0,"href":"https:\/\/dev.tandemmadrid.com\/fr\/wp-json\/wp\/v2\/product\/11504\/revisions"}],"wp:featuredmedia":[{"embeddable":true,"href":"https:\/\/dev.tandemmadrid.com\/fr\/wp-json\/wp\/v2\/media\/6758"}],"wp:attachment":[{"href":"https:\/\/dev.tandemmadrid.com\/fr\/wp-json\/wp\/v2\/media?parent=11504"}],"wp:term":[{"taxonomy":"product_cat","embeddable":true,"href":"https:\/\/dev.tandemmadrid.com\/fr\/wp-json\/wp\/v2\/product_cat?post=11504"},{"taxonomy":"product_tag","embeddable":true,"href":"https:\/\/dev.tandemmadrid.com\/fr\/wp-json\/wp\/v2\/product_tag?post=11504"}],"curies":[{"name":"wp","href":"https:\/\/api.w.org\/{rel}","templated":true}]}}