
{"id":11507,"date":"2023-10-09T18:57:55","date_gmt":"2023-10-09T16:57:55","guid":{"rendered":"https:\/\/dev.tandemmadrid.com\/shop\/reserver-le-cours-programme-dimmersion-en-espagnol-a-madrid\/"},"modified":"2024-02-07T12:56:42","modified_gmt":"2024-02-07T11:56:42","slug":"immersion-espagnol-madrid","status":"publish","type":"product","link":"https:\/\/dev.tandemmadrid.com\/fr\/boutique\/immersion-espagnol-madrid\/","title":{"rendered":"R\u00e9server le cours : Programme d\u2019immersion en Espagnol \u00e0 Madrid"},"content":{"rendered":"<table class=\"tabla-cursos\" border=\"1\">\n<tbody>\n<tr>\n<td class=\"celdas-izq\">Date de d\u00e9but<\/td>\n<td class=\"celdas-dcha\">Tous les jours de l\u2019ann\u00e9e<\/td>\n<\/tr>\n<tr class=\"fondo-color\">\n<td class=\"celdas-izq\">Le\u00e7ons par semaine<\/td>\n<td class=\"celdas-dcha\">\u00c0 partir de 20 le\u00e7ons\/semaine<\/td>\n<\/tr>\n<tr>\n<td class=\"celdas-izq\">OPTION<\/td>\n<td class=\"celdas-dcha\">D\u00e9jeuner avec votre professeur\/programme culturel, Activit\u00e9s culturelles l\u2019apr\u00e8s-midi\/le soir<\/td>\n<\/tr>\n<tr class=\"fondo-color\">\n<td class=\"celdas-izq\">Niveaux<\/td>\n<td class=\"celdas-dcha\">Tous les niveaux<\/td>\n<\/tr>\n<tr class=\"fondo-color\">\n<td class=\"celdas-izq\">Dur\u00e9e de chaque le\u00e7on<\/td>\n<td class=\"celdas-dcha\">45 min<\/td>\n<\/tr>\n<tr>\n<td class=\"celdas-izq\">Frais d\u2019inscription<\/td>\n<td class=\"celdas-dcha\"><strong>50\u20ac<\/strong><\/td>\n<\/tr>\n<\/tbody>\n<\/table>\n","protected":false},"excerpt":{"rendered":"<p>Ce cours est une excellente option pour ceux qui sont int\u00e9ress\u00e9s par un apprentissage individuel et personnalis\u00e9 leur permettant d&rsquo;obtenir des r\u00e9sultats rapides. Vous pourrez toujours compter sur un professeur d&rsquo;espagnol sp\u00e9cialis\u00e9 dans le domaine professionnel pour lequel vous avez postul\u00e9. Gr\u00e2ce aux 20\/30 le\u00e7ons de 45 minutes hebdomadaires, vous pourrez rejoindre le cours n&rsquo;importe quel jour de l&rsquo;ann\u00e9e.<\/p>\n<p style=\"text-align:center;\"><a href=\"\/fr\/c\/cours-immersion-espagnol\/\" title=\"En savoir plus sur le cours: Programme d\u2019immersion en Espagnol \u00e0 Madrid\" class=\"buttonaction\">En savoir plus sur ce cours<\/a><\/p>\n","protected":false},"featured_media":6824,"template":"","meta":[],"product_cat":[166],"product_tag":[],"_links":{"self":[{"href":"https:\/\/dev.tandemmadrid.com\/fr\/wp-json\/wp\/v2\/product\/11507"}],"collection":[{"href":"https:\/\/dev.tandemmadrid.com\/fr\/wp-json\/wp\/v2\/product"}],"about":[{"href":"https:\/\/dev.tandemmadrid.com\/fr\/wp-json\/wp\/v2\/types\/product"}],"version-history":[{"count":0,"href":"https:\/\/dev.tandemmadrid.com\/fr\/wp-json\/wp\/v2\/product\/11507\/revisions"}],"wp:featuredmedia":[{"embeddable":true,"href":"https:\/\/dev.tandemmadrid.com\/fr\/wp-json\/wp\/v2\/media\/6824"}],"wp:attachment":[{"href":"https:\/\/dev.tandemmadrid.com\/fr\/wp-json\/wp\/v2\/media?parent=11507"}],"wp:term":[{"taxonomy":"product_cat","embeddable":true,"href":"https:\/\/dev.tandemmadrid.com\/fr\/wp-json\/wp\/v2\/product_cat?post=11507"},{"taxonomy":"product_tag","embeddable":true,"href":"https:\/\/dev.tandemmadrid.com\/fr\/wp-json\/wp\/v2\/product_tag?post=11507"}],"curies":[{"name":"wp","href":"https:\/\/api.w.org\/{rel}","templated":true}]}}