
{"id":11510,"date":"2023-10-09T13:54:54","date_gmt":"2023-10-09T11:54:54","guid":{"rendered":"https:\/\/dev.tandemmadrid.com\/shop\/reservez-le-cours-programme-dete-despagnol-junior-a-madrid\/"},"modified":"2024-02-07T13:04:09","modified_gmt":"2024-02-07T12:04:09","slug":"programme-ete-junior-madrid","status":"publish","type":"product","link":"https:\/\/dev.tandemmadrid.com\/fr\/boutique\/programme-ete-junior-madrid\/","title":{"rendered":"R\u00e9servez le cours : Programme d&rsquo;\u00e9t\u00e9 d&rsquo;espagnol junior \u00e0 Madrid"},"content":{"rendered":"<table class=\"tabla-cursos\" border=\"1\">\n<tbody>\n<tr>\n<td class=\"celdas-izq\">Date de d\u00e9but<\/td>\n<td class=\"celdas-dcha\">Tous les lundis du juin au juillet.<\/td>\n<\/tr>\n<tr class=\"fondo-color\">\n<td class=\"celdas-izq\">Le\u00e7ons par semaine<\/td>\n<td class=\"celdas-dcha\">20 le\u00e7ons\/semaine \u2013 4 le\u00e7ons\/jour<\/td>\n<\/tr>\n<tr>\n<td class=\"celdas-izq\">Dur\u00e9e<\/td>\n<td class=\"celdas-dcha\">Minimum : 2 semaines<\/td>\n<\/tr>\n<tr class=\"fondo-color\">\n<td class=\"celdas-izq\">Niveaux<\/td>\n<td class=\"celdas-dcha\">Tous les niveaux<\/td>\n<\/tr>\n<tr class=\"fondo-color\">\n<td class=\"celdas-izq\">Dur\u00e9e de chaque le\u00e7on<\/td>\n<td class=\"celdas-dcha\">45 min<\/td>\n<\/tr>\n<tr>\n<td class=\"celdas-izq\">\u00c2ge<\/td>\n<td class=\"celdas-dcha\">13 \u00e0 17 ans<\/td>\n<\/tr>\n<tr class=\"fondo-color\">\n<td class=\"celdas-izq\">Programme culturel<\/td>\n<td class=\"celdas-dcha\">1 activit\u00e9 de l\u2019apr\u00e8s-midi tous les jours + 1 excursion le week-end<\/td>\n<\/tr>\n<tr>\n<td class=\"celdas-izq\">Logement<\/td>\n<td class=\"celdas-dcha\">Famille d\u2019accueil, chambre individuelle avec pension compl\u00e8te<\/td>\n<\/tr>\n<tr class=\"fondo-color\">\n<td class=\"celdas-izq\">Frais d\u2019inscription<\/td>\n<td class=\"celdas-dcha\"><strong>50\u20ac<\/strong><\/td>\n<\/tr>\n<\/tbody>\n<\/table>\n","protected":false},"excerpt":{"rendered":"<p>Si vous avez entre 13 et 17 ans et que vous envisagez de suivre un cours d&rsquo;\u00e9t\u00e9 d&rsquo;espagnol \u00e0 Madrid, le cours d&rsquo;espagnol junior (13-17) de TANDEM Madrid est une excellente option.<br \/>\nCe programme acad\u00e9mique, qui a lieu en \u00e9t\u00e9, consiste en 4 le\u00e7ons de 45 minutes par semaine pendant un minimum de deux semaines. Pendant ces 15 jours, ou plus, vous suivrez des cours d&rsquo;espagnol dans une \u00e9cole du centre de Madrid avec d&rsquo;autres \u00e9tudiants de votre \u00e2ge et qui viennent de nombreux pays diff\u00e9rents.<\/p>\n<p style=\"text-align:center;\"><a href=\"\/fr\/c\/cours-espagnol-ete-junior-madrid\/\" title=\"En savoir plus sur le cours : Camp d\u2019\u00e9t\u00e9 urbain junior \u00e0 Madrid\" class=\"buttonaction\">En savoir plus sur ce cours<\/a><\/p>\n","protected":false},"featured_media":6743,"template":"","meta":[],"product_cat":[174],"product_tag":[],"_links":{"self":[{"href":"https:\/\/dev.tandemmadrid.com\/fr\/wp-json\/wp\/v2\/product\/11510"}],"collection":[{"href":"https:\/\/dev.tandemmadrid.com\/fr\/wp-json\/wp\/v2\/product"}],"about":[{"href":"https:\/\/dev.tandemmadrid.com\/fr\/wp-json\/wp\/v2\/types\/product"}],"version-history":[{"count":0,"href":"https:\/\/dev.tandemmadrid.com\/fr\/wp-json\/wp\/v2\/product\/11510\/revisions"}],"wp:featuredmedia":[{"embeddable":true,"href":"https:\/\/dev.tandemmadrid.com\/fr\/wp-json\/wp\/v2\/media\/6743"}],"wp:attachment":[{"href":"https:\/\/dev.tandemmadrid.com\/fr\/wp-json\/wp\/v2\/media?parent=11510"}],"wp:term":[{"taxonomy":"product_cat","embeddable":true,"href":"https:\/\/dev.tandemmadrid.com\/fr\/wp-json\/wp\/v2\/product_cat?post=11510"},{"taxonomy":"product_tag","embeddable":true,"href":"https:\/\/dev.tandemmadrid.com\/fr\/wp-json\/wp\/v2\/product_tag?post=11510"}],"curies":[{"name":"wp","href":"https:\/\/api.w.org\/{rel}","templated":true}]}}