
{"id":11511,"date":"2023-10-10T16:45:30","date_gmt":"2023-10-10T14:45:30","guid":{"rendered":"https:\/\/dev.tandemmadrid.com\/shop\/reservez-le-cours-programme-dacces-a-luniversite-espagnole\/"},"modified":"2024-02-07T13:07:46","modified_gmt":"2024-02-07T12:07:46","slug":"acces-universite-espagnole","status":"publish","type":"product","link":"https:\/\/dev.tandemmadrid.com\/fr\/boutique\/acces-universite-espagnole\/","title":{"rendered":"R\u00e9servez le cours : Programme d&rsquo;acc\u00e8s \u00e0 l&rsquo;universit\u00e9 espagnole"},"content":{"rendered":"<p>Options d&rsquo;itin\u00e9raires<\/p>\n<p>Programme standard de 14 mois : Pendant 6 mois (d&rsquo;avril \u00e0 septembre), vous suivez nos cours intensifs du lundi au vendredi de 09h30 \u00e0 13h00 (20 le\u00e7ons par semaine). Lorsque vous atteignez le niveau B1, vous pouvez commencer un cours de 8 mois dans notre \u00e9cole partenaire (d&rsquo;octobre \u00e0 d\u00e9cembre, 10 le\u00e7ons par semaine, ou de janvier \u00e0 mai avec 20 le\u00e7ons par semaine). L&rsquo;examen d&rsquo;entr\u00e9e a lieu en juin.<br \/>\nProgramme intensif de 11 mois : Pendant 6 mois (de juillet \u00e0 d\u00e9cembre) vous suivez nos cours intensifs, du lundi au vendredi de 09h30 \u00e0 13h00 (20 le\u00e7ons par semaine). Lorsque vous atteignez le niveau B1, vous pouvez commencer un cours intensif de 5 mois avec notre \u00e9cole partenaire (de janvier \u00e0 mai, 20 le\u00e7ons par semaine). L\u00e0 encore, l&rsquo;examen d&rsquo;entr\u00e9e a lieu en juin.<br \/>\nProgramme b1 de 8 mois : Si vous avez d\u00e9j\u00e0 un niveau b1 d&rsquo;espagnol, vous suivez les cours de pr\u00e9paration \u00e0 l&rsquo;examen le matin pendant 8 mois, et venez \u00e0 TANDEM pour des cours d&rsquo;espagnol deux fois par semaine l&rsquo;apr\u00e8s-midi.<\/p>\n","protected":false},"excerpt":{"rendered":"<p>Si vous souhaitez \u00e9tudier dans une universit\u00e9 espagnole, TANDEM vous propose un programme qui comprend la gestion du visa \u00e9tudiant, un cours d&rsquo;espagnol, des classes pr\u00e9paratoires \u00e0 l&rsquo;examen d&rsquo;entr\u00e9e dans un centre sp\u00e9cialis\u00e9 et l&rsquo;orientation des \u00e9tudiants. Nous pouvons \u00e9galement organiser votre h\u00e9bergement en famille d&rsquo;accueil ou en r\u00e9sidence, et vous mettre en contact avec des \u00e9tudiants espagnols pour \u00e9changer et pratiquer la conversation.<\/p>\n<p style=\"text-align:center;\"><a href=\"\/fr\/c\/programme-dacces-luniversite-espagnole\/\" title=\"En savoir plus sur le cours : Programme d'acc\u00e8s \u00e0 l'universit\u00e9 espagnole\" class=\"buttonaction\">En savoir plus sur ce cours<\/a><\/p>\n","protected":false},"featured_media":6693,"template":"","meta":[],"product_cat":[170],"product_tag":[],"_links":{"self":[{"href":"https:\/\/dev.tandemmadrid.com\/fr\/wp-json\/wp\/v2\/product\/11511"}],"collection":[{"href":"https:\/\/dev.tandemmadrid.com\/fr\/wp-json\/wp\/v2\/product"}],"about":[{"href":"https:\/\/dev.tandemmadrid.com\/fr\/wp-json\/wp\/v2\/types\/product"}],"version-history":[{"count":0,"href":"https:\/\/dev.tandemmadrid.com\/fr\/wp-json\/wp\/v2\/product\/11511\/revisions"}],"wp:featuredmedia":[{"embeddable":true,"href":"https:\/\/dev.tandemmadrid.com\/fr\/wp-json\/wp\/v2\/media\/6693"}],"wp:attachment":[{"href":"https:\/\/dev.tandemmadrid.com\/fr\/wp-json\/wp\/v2\/media?parent=11511"}],"wp:term":[{"taxonomy":"product_cat","embeddable":true,"href":"https:\/\/dev.tandemmadrid.com\/fr\/wp-json\/wp\/v2\/product_cat?post=11511"},{"taxonomy":"product_tag","embeddable":true,"href":"https:\/\/dev.tandemmadrid.com\/fr\/wp-json\/wp\/v2\/product_tag?post=11511"}],"curies":[{"name":"wp","href":"https:\/\/api.w.org\/{rel}","templated":true}]}}