
{"id":11516,"date":"2024-01-28T13:43:54","date_gmt":"2024-01-28T12:43:54","guid":{"rendered":"https:\/\/dev.tandemmadrid.com\/shop\/devis-pour-le-cours-espagnol-pour-les-familles\/"},"modified":"2024-02-07T13:15:37","modified_gmt":"2024-02-07T12:15:37","slug":"espagnol-familles","status":"publish","type":"product","link":"https:\/\/dev.tandemmadrid.com\/fr\/boutique\/espagnol-familles\/","title":{"rendered":"Devis pour le cours : Espagnol pour les familles"},"content":{"rendered":"","protected":false},"excerpt":{"rendered":"<p>Cours pour les familles qui souhaitent passer du temps ensemble \u00e0 Madrid et combiner leur apprentissage de l&rsquo;espagnol avec des activit\u00e9s amusantes et culturelles personnalis\u00e9es.<\/p>\n<p style=\"text-align:center;\"><a href=\"\" title=\"Plus d'informations sur le cours: Espagnol pour les familles\" class=\"buttonaction\">Plus d&rsquo;informations sur le cours<\/a><\/p>\n","protected":false},"featured_media":7361,"template":"","meta":[],"product_cat":[158,170],"product_tag":[],"_links":{"self":[{"href":"https:\/\/dev.tandemmadrid.com\/fr\/wp-json\/wp\/v2\/product\/11516"}],"collection":[{"href":"https:\/\/dev.tandemmadrid.com\/fr\/wp-json\/wp\/v2\/product"}],"about":[{"href":"https:\/\/dev.tandemmadrid.com\/fr\/wp-json\/wp\/v2\/types\/product"}],"version-history":[{"count":0,"href":"https:\/\/dev.tandemmadrid.com\/fr\/wp-json\/wp\/v2\/product\/11516\/revisions"}],"wp:featuredmedia":[{"embeddable":true,"href":"https:\/\/dev.tandemmadrid.com\/fr\/wp-json\/wp\/v2\/media\/7361"}],"wp:attachment":[{"href":"https:\/\/dev.tandemmadrid.com\/fr\/wp-json\/wp\/v2\/media?parent=11516"}],"wp:term":[{"taxonomy":"product_cat","embeddable":true,"href":"https:\/\/dev.tandemmadrid.com\/fr\/wp-json\/wp\/v2\/product_cat?post=11516"},{"taxonomy":"product_tag","embeddable":true,"href":"https:\/\/dev.tandemmadrid.com\/fr\/wp-json\/wp\/v2\/product_tag?post=11516"}],"curies":[{"name":"wp","href":"https:\/\/api.w.org\/{rel}","templated":true}]}}