
{"id":11519,"date":"2023-10-10T13:20:26","date_gmt":"2023-10-10T11:20:26","guid":{"rendered":"https:\/\/dev.tandemmadrid.com\/shop\/reservez-le-cours-cours-de-preparation-au-dele-face-a-face-ou-en-ligne\/"},"modified":"2024-02-07T13:25:44","modified_gmt":"2024-02-07T12:25:44","slug":"cours-preparation-dele","status":"publish","type":"product","link":"https:\/\/dev.tandemmadrid.com\/fr\/boutique\/cours-preparation-dele\/","title":{"rendered":"R\u00e9servez le cours: Cours de pr\u00e9paration au DELE (face \u00e0 face ou en ligne)"},"content":{"rendered":"<table width=\"100%\">\n<thead>\n<tr>\n<th><\/th>\n<th>Cours de pr\u00e9paration au DELE l&rsquo;apr\u00e8s-midi<\/th>\n<\/tr>\n<\/thead>\n<tbody>\n<tr>\n<td>Dur\u00e9e du cours<\/td>\n<td>8 ou 12 semaines avant l&rsquo;examen<\/td>\n<\/tr>\n<tr>\n<td>Prix<\/td>\n<td>\n<p>8 semaines: 225\u20ac<\/p>\n<p>12 semaines: 330\u20ac<\/p>\n<\/td>\n<\/tr>\n<tr>\n<td>Frais d&rsquo;inscription<\/td>\n<td>30 \u20ac<\/td>\n<\/tr>\n<tr>\n<td>Nombre d&rsquo;heures<\/td>\n<td>3 heures\/semaine. Un ou deux jours par semaine<\/td>\n<\/tr>\n<\/tbody>\n<\/table>\n","protected":false},"excerpt":{"rendered":"<p>Le DELE est le dipl\u00f4me officiel d&rsquo;apprentissage de la langue espagnole de l&rsquo;Instituto Cervantes, reconnu dans le monde entier et indispensable pour obtenir la nationalit\u00e9 espagnole. Si vous n&rsquo;avez pas le temps d&rsquo;\u00e9tudier le matin, pr\u00e9parez le DELE en suivant ce cours l&rsquo;apr\u00e8s-midi.<\/p>\n<p style=\"text-align:center;\"><a href=\"\/fr\/c\/cours-preparation-dele\/\" title=\"En savoir plus sur le cours : Pr\u00e9paration \u00e0 l'examen DELE\" class=\"buttonaction\">En savoir plus sur ce cours<\/a><\/p>\n","protected":false},"featured_media":4573,"template":"","meta":[],"product_cat":[147,162],"product_tag":[],"_links":{"self":[{"href":"https:\/\/dev.tandemmadrid.com\/fr\/wp-json\/wp\/v2\/product\/11519"}],"collection":[{"href":"https:\/\/dev.tandemmadrid.com\/fr\/wp-json\/wp\/v2\/product"}],"about":[{"href":"https:\/\/dev.tandemmadrid.com\/fr\/wp-json\/wp\/v2\/types\/product"}],"version-history":[{"count":0,"href":"https:\/\/dev.tandemmadrid.com\/fr\/wp-json\/wp\/v2\/product\/11519\/revisions"}],"wp:featuredmedia":[{"embeddable":true,"href":"https:\/\/dev.tandemmadrid.com\/fr\/wp-json\/wp\/v2\/media\/4573"}],"wp:attachment":[{"href":"https:\/\/dev.tandemmadrid.com\/fr\/wp-json\/wp\/v2\/media?parent=11519"}],"wp:term":[{"taxonomy":"product_cat","embeddable":true,"href":"https:\/\/dev.tandemmadrid.com\/fr\/wp-json\/wp\/v2\/product_cat?post=11519"},{"taxonomy":"product_tag","embeddable":true,"href":"https:\/\/dev.tandemmadrid.com\/fr\/wp-json\/wp\/v2\/product_tag?post=11519"}],"curies":[{"name":"wp","href":"https:\/\/api.w.org\/{rel}","templated":true}]}}