
{"id":11522,"date":"2023-10-09T13:09:11","date_gmt":"2023-10-09T11:09:11","guid":{"rendered":"https:\/\/dev.tandemmadrid.com\/shop\/reservez-le-cours-formation-ele-individuelle-pour-les-locuteurs-non-natifs\/"},"modified":"2024-02-07T13:55:03","modified_gmt":"2024-02-07T12:55:03","slug":"formation-ele-non-natifs","status":"publish","type":"product","link":"https:\/\/dev.tandemmadrid.com\/fr\/boutique\/formation-ele-non-natifs\/","title":{"rendered":"R\u00e9servez le cours : Formation ELE individuelle pour les locuteurs non-natifs"},"content":{"rendered":"<table class=\"tabla-cursos\" border=\"1\">\n<tbody>\n<tr>\n<td class=\"celdas-izq\">Dur\u00e9e<\/td>\n<td class=\"celdas-dcha\">Minimum 1 semaine (30 cours de 45 minutes chacun).<\/td>\n<\/tr>\n<tr>\n<td class=\"celdas-izq\">Dates et horaires<\/td>\n<td class=\"celdas-dcha\">\n<p>Lundi au Vendredi.<\/p>\n<p>D\u00e9marre n\u2019importe quel Lundi de l\u2019ann\u00e9e.<\/p>\n<\/td>\n<\/tr>\n<tr>\n<td class=\"celdas-izq\">Niveaux<\/td>\n<td class=\"celdas-dcha\"><strong>B2<\/strong><\/td>\n<\/tr>\n<tr>\n<td class=\"celdas-izq\">Nombre maximum de participants<\/td>\n<td class=\"celdas-dcha\"><strong>10<\/strong><\/td>\n<\/tr>\n<\/tbody>\n<\/table>\n","protected":false},"excerpt":{"rendered":"<p>Similaire \u00e0 notre formation ELE individuelle en face \u00e0 face. Ce cours consiste en 20 unit\u00e9s de cours de langue dans un groupe avanc\u00e9 (B2 ou plus) avec un maximum de 10 \u00e9tudiants + 10 le\u00e7ons individuelles sur la mise \u00e0 jour des connaissances didactiques de l&rsquo;enseignement ELE, adapt\u00e9es aux besoins r\u00e9els du participant. Enseign\u00e9 par vid\u00e9oconf\u00e9rence par des professeurs qualifi\u00e9s de l&rsquo;\u00e9cole TANDEM Madrid.<\/p>\n<p style=\"text-align:center;\"><a href=\"\/fr\/c\/formation-individuelle-pour-les-enseignants-ele-non-natifs\/\" title=\"En savoir plus sur le cours: Formation individuelle pour les enseignants ELE non natifs\" class=\"buttonaction\">En savoir plus sur ce cours<\/a><\/p>\n","protected":false},"featured_media":6834,"template":"","meta":[],"product_cat":[180],"product_tag":[],"_links":{"self":[{"href":"https:\/\/dev.tandemmadrid.com\/fr\/wp-json\/wp\/v2\/product\/11522"}],"collection":[{"href":"https:\/\/dev.tandemmadrid.com\/fr\/wp-json\/wp\/v2\/product"}],"about":[{"href":"https:\/\/dev.tandemmadrid.com\/fr\/wp-json\/wp\/v2\/types\/product"}],"version-history":[{"count":0,"href":"https:\/\/dev.tandemmadrid.com\/fr\/wp-json\/wp\/v2\/product\/11522\/revisions"}],"wp:featuredmedia":[{"embeddable":true,"href":"https:\/\/dev.tandemmadrid.com\/fr\/wp-json\/wp\/v2\/media\/6834"}],"wp:attachment":[{"href":"https:\/\/dev.tandemmadrid.com\/fr\/wp-json\/wp\/v2\/media?parent=11522"}],"wp:term":[{"taxonomy":"product_cat","embeddable":true,"href":"https:\/\/dev.tandemmadrid.com\/fr\/wp-json\/wp\/v2\/product_cat?post=11522"},{"taxonomy":"product_tag","embeddable":true,"href":"https:\/\/dev.tandemmadrid.com\/fr\/wp-json\/wp\/v2\/product_tag?post=11522"}],"curies":[{"name":"wp","href":"https:\/\/api.w.org\/{rel}","templated":true}]}}