
{"id":11526,"date":"2024-01-28T11:48:26","date_gmt":"2024-01-28T10:48:26","guid":{"rendered":"https:\/\/dev.tandemmadrid.com\/shop\/reservez-le-cours-tutoriels-et-experience-pratique-pour-les-enseignants\/"},"modified":"2024-02-07T14:15:06","modified_gmt":"2024-02-07T13:15:06","slug":"tutoriels-pratique-enseignants","status":"publish","type":"product","link":"https:\/\/dev.tandemmadrid.com\/fr\/boutique\/tutoriels-pratique-enseignants\/","title":{"rendered":"R\u00e9servez le cours : Tutoriels et exp\u00e9rience pratique pour les enseignants"},"content":{"rendered":"<table class=\"tabla-cursos\">\n<tbody>\n<tr>\n<td class=\"celdas-izq\">Duration<\/td>\n<td class=\"celdas-dcha\">Minimum 1 semaine, 30 le\u00e7ons de 45 minutes.<\/td>\n<\/tr>\n<tr>\n<td class=\"celdas-izq\">Dates<\/td>\n<td class=\"celdas-dcha\">Toute l&rsquo;ann\u00e9e, du lundi au vendredi<\/td>\n<\/tr>\n<\/tbody>\n<\/table>\n","protected":false},"excerpt":{"rendered":"<p>Une ou deux semaines d&rsquo;observation en classe et d&rsquo;exercices pratiques d&rsquo;enseignement avec des professeurs d&rsquo;espagnol exp\u00e9riment\u00e9s de TANDEM Madrid.<\/p>\n<p>Les participants seront guid\u00e9s par l&rsquo;un des formateurs d&rsquo;enseignants de notre \u00e9quipe, qui les accompagnera pendant l&rsquo;observation en classe et les exercices pratiques d&rsquo;enseignement. Ils peuvent assister \u00e0 la pr\u00e9paration des cours, observer leur tuteur en classe, dispenser de courtes unit\u00e9s d&rsquo;enseignement et recevoir un retour d&rsquo;information apr\u00e8s la classe.<\/p>\n<p style=\"text-align:center;\"><a href=\"\" title=\"En savoir plus sur le cours : Tutorats et exp\u00e9rience pratique pour les enseignants\" class=\"buttonaction\">Plus d&rsquo;informations sur le cours<\/a><\/p>\n","protected":false},"featured_media":7327,"template":"","meta":[],"product_cat":[180],"product_tag":[],"_links":{"self":[{"href":"https:\/\/dev.tandemmadrid.com\/fr\/wp-json\/wp\/v2\/product\/11526"}],"collection":[{"href":"https:\/\/dev.tandemmadrid.com\/fr\/wp-json\/wp\/v2\/product"}],"about":[{"href":"https:\/\/dev.tandemmadrid.com\/fr\/wp-json\/wp\/v2\/types\/product"}],"version-history":[{"count":0,"href":"https:\/\/dev.tandemmadrid.com\/fr\/wp-json\/wp\/v2\/product\/11526\/revisions"}],"wp:featuredmedia":[{"embeddable":true,"href":"https:\/\/dev.tandemmadrid.com\/fr\/wp-json\/wp\/v2\/media\/7327"}],"wp:attachment":[{"href":"https:\/\/dev.tandemmadrid.com\/fr\/wp-json\/wp\/v2\/media?parent=11526"}],"wp:term":[{"taxonomy":"product_cat","embeddable":true,"href":"https:\/\/dev.tandemmadrid.com\/fr\/wp-json\/wp\/v2\/product_cat?post=11526"},{"taxonomy":"product_tag","embeddable":true,"href":"https:\/\/dev.tandemmadrid.com\/fr\/wp-json\/wp\/v2\/product_tag?post=11526"}],"curies":[{"name":"wp","href":"https:\/\/api.w.org\/{rel}","templated":true}]}}