
{"id":11527,"date":"2023-10-09T17:33:30","date_gmt":"2023-10-09T15:33:30","guid":{"rendered":"https:\/\/dev.tandemmadrid.com\/shop\/reservez-le-cours-programme-dete-junior-particuliers-camp-de-football-real-madrid-campus-experience\/"},"modified":"2024-02-07T14:20:09","modified_gmt":"2024-02-07T13:20:09","slug":"camp-football-real-madrid","status":"publish","type":"product","link":"https:\/\/dev.tandemmadrid.com\/fr\/boutique\/camp-football-real-madrid\/","title":{"rendered":"R\u00e9servez le cours : Programme d&rsquo;\u00e9t\u00e9 junior (particuliers) + Camp de football Real Madrid Campus Experience"},"content":{"rendered":"<p>Premi\u00e8re semaine : Programme d&rsquo;Espagnol junior \u00e0 TANDEM Madrid<\/p>\n<p>Les activit\u00e9s culturelles et de loisirs commenceront tous les jours apr\u00e8s le d\u00e9jeuner : il s&rsquo;agira d&rsquo;une activit\u00e9 de l&rsquo;apr\u00e8s-midi ou du soir. Vous visiterez les sites les plus c\u00e9l\u00e8bres de Madrid, notamment la Plaza Mayor, la Puerta del Sol, le parc du Retiro, El Madrid de los Austrias (l&rsquo;h\u00e9ritage des Habsbourg), les installations sportives de la ville, et assisterez \u00e0 des concerts et des films en plein air. Nous proposons \u00e9galement des activit\u00e9s sportives telles que le patinage, la natation, la randonn\u00e9e dans les montagnes \u00e0 l&rsquo;ext\u00e9rieur de Madrid, une visite du stade de football du Real Madrid, des matchs de football ou de basket-ball, des cours de flamenco et bien d&rsquo;autres choses encore.<\/p>\n<p>Excursions<br \/>\nLe samedi, des excursions seront organis\u00e9es dans les environs de Madrid, notamment \u00e0 S\u00e9govie, avec son c\u00e9l\u00e8bre aqueduc romain, \u00e0 Avila, c\u00e9l\u00e8bre pour ses remparts, ou \u00e0 l&rsquo;Escorial, avec son \u00e9tonnant monast\u00e8re construit sous le r\u00e8gne de Philippe II.<\/p>\n<p>Deuxi\u00e8me semaine : camp r\u00e9sidentiel de football d&rsquo;une semaine<\/p>\n<p>Du moment o\u00f9 ils se r\u00e9veillent jusqu&rsquo;\u00e0 ce qu&rsquo;ils aillent se coucher, nos participants vivront directement ce qu&rsquo;est le d\u00e9veloppement d&rsquo;un groupe dans le cadre du programme d&rsquo;apprentissage et de sport dirig\u00e9 par les entra\u00eeneurs de la Fondation Real Madrid et les \u00e9ducateurs de l&rsquo;Exp\u00e9rience Campus. Housed in a first class residence, participants are going to transfer daily to Ciudad Real Madrid de Valdebebas to take 90 minutes of training in the morning and afternoon under the supervision of Real Madrid Foundation coaches. All these activities are associated with the values of our club.<\/p>\n","protected":false},"excerpt":{"rendered":"<p>Notre camp d&rsquo;espagnol et de football vous offre une combinaison excitante d&rsquo;entra\u00eenement de football professionnel, de le\u00e7ons d&rsquo;espagnol, d&rsquo;excursions et d&rsquo;autres activit\u00e9s.<\/p>\n<p>Le programme parfait pour vos enfants, filles et gar\u00e7ons, \u00e0 Madrid ! Apprenez de premi\u00e8re main ce que c&rsquo;est que de grandir en groupe en apprenant une langue et en am\u00e9liorant le d\u00e9veloppement sportif dirig\u00e9 par les entra\u00eeneurs de la Fondation Real Madrid et les \u00e9ducateurs de Campus Experience.<\/p>\n<p style=\"text-align:center;\"><a href=\"\/fr\/c\/camp-de-football-despagnol-real-madrid\/\" title=\"En savoir plus sur le cours: 1 semaine de programme junior + 1 semaine de camp de football\" class=\"buttonaction\">En savoir plus sur ce cours<\/a><\/p>\n","protected":false},"featured_media":6800,"template":"","meta":[],"product_cat":[174],"product_tag":[],"_links":{"self":[{"href":"https:\/\/dev.tandemmadrid.com\/fr\/wp-json\/wp\/v2\/product\/11527"}],"collection":[{"href":"https:\/\/dev.tandemmadrid.com\/fr\/wp-json\/wp\/v2\/product"}],"about":[{"href":"https:\/\/dev.tandemmadrid.com\/fr\/wp-json\/wp\/v2\/types\/product"}],"version-history":[{"count":0,"href":"https:\/\/dev.tandemmadrid.com\/fr\/wp-json\/wp\/v2\/product\/11527\/revisions"}],"wp:featuredmedia":[{"embeddable":true,"href":"https:\/\/dev.tandemmadrid.com\/fr\/wp-json\/wp\/v2\/media\/6800"}],"wp:attachment":[{"href":"https:\/\/dev.tandemmadrid.com\/fr\/wp-json\/wp\/v2\/media?parent=11527"}],"wp:term":[{"taxonomy":"product_cat","embeddable":true,"href":"https:\/\/dev.tandemmadrid.com\/fr\/wp-json\/wp\/v2\/product_cat?post=11527"},{"taxonomy":"product_tag","embeddable":true,"href":"https:\/\/dev.tandemmadrid.com\/fr\/wp-json\/wp\/v2\/product_tag?post=11527"}],"curies":[{"name":"wp","href":"https:\/\/api.w.org\/{rel}","templated":true}]}}