
{"id":11528,"date":"2023-10-09T20:30:44","date_gmt":"2023-10-09T18:30:44","guid":{"rendered":"https:\/\/dev.tandemmadrid.com\/shop\/appartement-a\/"},"modified":"2024-02-07T14:29:38","modified_gmt":"2024-02-07T13:29:38","slug":"appartement-a","status":"publish","type":"product","link":"https:\/\/dev.tandemmadrid.com\/fr\/boutique\/appartement-a\/","title":{"rendered":"Appartement A"},"content":{"rendered":"","protected":false},"excerpt":{"rendered":"<p>Appartement pour deux ou trois personnes. Avec chambre s\u00e9par\u00e9e avec lit double ou deux lits simples sur demande, salon avec canap\u00e9-lit pour une personne, salle de bains, cuisine et terrasse avec vue sur Madrid.<\/p>\n<p style=\"text-align:center;\"><a href=\"\/fr\/appartement-prive\/\" title=\"Plus d'informations sur le logement : Appartement A\" class=\"buttonaction\">En savoir plus sur ce logement<\/a><\/p>\n","protected":false},"featured_media":7102,"template":"","meta":[],"product_cat":[142],"product_tag":[],"_links":{"self":[{"href":"https:\/\/dev.tandemmadrid.com\/fr\/wp-json\/wp\/v2\/product\/11528"}],"collection":[{"href":"https:\/\/dev.tandemmadrid.com\/fr\/wp-json\/wp\/v2\/product"}],"about":[{"href":"https:\/\/dev.tandemmadrid.com\/fr\/wp-json\/wp\/v2\/types\/product"}],"version-history":[{"count":0,"href":"https:\/\/dev.tandemmadrid.com\/fr\/wp-json\/wp\/v2\/product\/11528\/revisions"}],"wp:featuredmedia":[{"embeddable":true,"href":"https:\/\/dev.tandemmadrid.com\/fr\/wp-json\/wp\/v2\/media\/7102"}],"wp:attachment":[{"href":"https:\/\/dev.tandemmadrid.com\/fr\/wp-json\/wp\/v2\/media?parent=11528"}],"wp:term":[{"taxonomy":"product_cat","embeddable":true,"href":"https:\/\/dev.tandemmadrid.com\/fr\/wp-json\/wp\/v2\/product_cat?post=11528"},{"taxonomy":"product_tag","embeddable":true,"href":"https:\/\/dev.tandemmadrid.com\/fr\/wp-json\/wp\/v2\/product_tag?post=11528"}],"curies":[{"name":"wp","href":"https:\/\/api.w.org\/{rel}","templated":true}]}}