
{"id":11530,"date":"2023-10-10T16:13:58","date_gmt":"2023-10-10T14:13:58","guid":{"rendered":"https:\/\/dev.tandemmadrid.com\/shop\/appartement-b\/"},"modified":"2024-02-07T14:40:04","modified_gmt":"2024-02-07T13:40:04","slug":"appartement-b","status":"publish","type":"product","link":"https:\/\/dev.tandemmadrid.com\/fr\/boutique\/appartement-b\/","title":{"rendered":"Appartement B"},"content":{"rendered":"","protected":false},"excerpt":{"rendered":"<p>Appartement pour quatre personnes. Avec deux chambres s\u00e9par\u00e9es avec un lit double ou des lits jumeaux selon la demande, un salon avec un canap\u00e9-lit pour une personne, une salle de bain, une cuisine et une terrasse avec vue sur Madrid.<\/p>\n<p style=\"text-align:center;\"><a href=\"\/fr\/appartement-prive\/\" title=\"Plus d'informations sur le logement : Appartement B\" class=\"buttonaction\">En savoir plus sur ce logement<\/a><\/p>\n","protected":false},"featured_media":7102,"template":"","meta":[],"product_cat":[142],"product_tag":[],"_links":{"self":[{"href":"https:\/\/dev.tandemmadrid.com\/fr\/wp-json\/wp\/v2\/product\/11530"}],"collection":[{"href":"https:\/\/dev.tandemmadrid.com\/fr\/wp-json\/wp\/v2\/product"}],"about":[{"href":"https:\/\/dev.tandemmadrid.com\/fr\/wp-json\/wp\/v2\/types\/product"}],"version-history":[{"count":0,"href":"https:\/\/dev.tandemmadrid.com\/fr\/wp-json\/wp\/v2\/product\/11530\/revisions"}],"wp:featuredmedia":[{"embeddable":true,"href":"https:\/\/dev.tandemmadrid.com\/fr\/wp-json\/wp\/v2\/media\/7102"}],"wp:attachment":[{"href":"https:\/\/dev.tandemmadrid.com\/fr\/wp-json\/wp\/v2\/media?parent=11530"}],"wp:term":[{"taxonomy":"product_cat","embeddable":true,"href":"https:\/\/dev.tandemmadrid.com\/fr\/wp-json\/wp\/v2\/product_cat?post=11530"},{"taxonomy":"product_tag","embeddable":true,"href":"https:\/\/dev.tandemmadrid.com\/fr\/wp-json\/wp\/v2\/product_tag?post=11530"}],"curies":[{"name":"wp","href":"https:\/\/api.w.org\/{rel}","templated":true}]}}