
{"id":11533,"date":"2023-10-09T19:52:08","date_gmt":"2023-10-09T17:52:08","guid":{"rendered":"https:\/\/dev.tandemmadrid.com\/shop\/residence-detudiants-tandem-chambre-double\/"},"modified":"2024-02-07T14:54:36","modified_gmt":"2024-02-07T13:54:36","slug":"residence-etudiants-chambre-double","status":"publish","type":"product","link":"https:\/\/dev.tandemmadrid.com\/fr\/boutique\/residence-etudiants-chambre-double\/","title":{"rendered":"R\u00e9sidence d&rsquo;\u00e9tudiants TANDEM &#8211; Chambre double"},"content":{"rendered":"","protected":false},"excerpt":{"rendered":"<p>La r\u00e9sidence d&rsquo;\u00e9tudiants TANDEM Madrid est situ\u00e9e au c\u0153ur du centre ville de Madrid, pr\u00e8s de toutes les choses importantes \u00e0 voir \u00e0 Madrid. Avec cette option, vous aurez une chambre double avec salle de bain priv\u00e9e, partag\u00e9e avec un autre \u00e9tudiant, pour le nombre de nuits que vous choisirez.<\/p>\n<p style=\"text-align:center;\"><a href=\"\/fr\/residence-etudiants-tandem\/\" title=\"Plus d'informations sur le logement : R\u00e9sidence d'\u00e9tudiants Tandem - Chambre double\" class=\"buttonaction\">En savoir plus sur ce logement<\/a><\/p>\n","protected":false},"featured_media":7087,"template":"","meta":[],"product_cat":[142],"product_tag":[],"_links":{"self":[{"href":"https:\/\/dev.tandemmadrid.com\/fr\/wp-json\/wp\/v2\/product\/11533"}],"collection":[{"href":"https:\/\/dev.tandemmadrid.com\/fr\/wp-json\/wp\/v2\/product"}],"about":[{"href":"https:\/\/dev.tandemmadrid.com\/fr\/wp-json\/wp\/v2\/types\/product"}],"version-history":[{"count":0,"href":"https:\/\/dev.tandemmadrid.com\/fr\/wp-json\/wp\/v2\/product\/11533\/revisions"}],"wp:featuredmedia":[{"embeddable":true,"href":"https:\/\/dev.tandemmadrid.com\/fr\/wp-json\/wp\/v2\/media\/7087"}],"wp:attachment":[{"href":"https:\/\/dev.tandemmadrid.com\/fr\/wp-json\/wp\/v2\/media?parent=11533"}],"wp:term":[{"taxonomy":"product_cat","embeddable":true,"href":"https:\/\/dev.tandemmadrid.com\/fr\/wp-json\/wp\/v2\/product_cat?post=11533"},{"taxonomy":"product_tag","embeddable":true,"href":"https:\/\/dev.tandemmadrid.com\/fr\/wp-json\/wp\/v2\/product_tag?post=11533"}],"curies":[{"name":"wp","href":"https:\/\/api.w.org\/{rel}","templated":true}]}}