
{"id":11535,"date":"2023-10-09T18:46:06","date_gmt":"2023-10-09T16:46:06","guid":{"rendered":"https:\/\/dev.tandemmadrid.com\/shop\/la-residence-universitaire-dete-de-tandem\/"},"modified":"2024-02-07T15:01:17","modified_gmt":"2024-02-07T14:01:17","slug":"residence-universitaire-ete","status":"publish","type":"product","link":"https:\/\/dev.tandemmadrid.com\/fr\/boutique\/residence-universitaire-ete\/","title":{"rendered":"La r\u00e9sidence universitaire d&rsquo;\u00e9t\u00e9 de TANDEM"},"content":{"rendered":"","protected":false},"excerpt":{"rendered":"<p>Notre r\u00e9sidence universitaire d&rsquo;\u00e9t\u00e9 est situ\u00e9e dans la zone du campus universitaire (quartier de Moncloa). Elle est situ\u00e9e dans le quartier universitaire de la capitale avec une station de m\u00e9tro et des arr\u00eats de bus juste devant la porte, \u00e9tant \u00e0 quelques minutes du centre ville par les transports en commun.<\/p>\n<p style=\"text-align:center;\"><a href=\"\/fr\/residence-universitaire-dete\/\" title=\"En savoir plus sur l'h\u00e9bergement : La r\u00e9sidence universitaire d'\u00e9t\u00e9 de TANDEM\" class=\"buttonaction\">En savoir plus sur ce logement<\/a><\/p>\n","protected":false},"featured_media":6995,"template":"","meta":[],"product_cat":[142],"product_tag":[],"_links":{"self":[{"href":"https:\/\/dev.tandemmadrid.com\/fr\/wp-json\/wp\/v2\/product\/11535"}],"collection":[{"href":"https:\/\/dev.tandemmadrid.com\/fr\/wp-json\/wp\/v2\/product"}],"about":[{"href":"https:\/\/dev.tandemmadrid.com\/fr\/wp-json\/wp\/v2\/types\/product"}],"version-history":[{"count":0,"href":"https:\/\/dev.tandemmadrid.com\/fr\/wp-json\/wp\/v2\/product\/11535\/revisions"}],"wp:featuredmedia":[{"embeddable":true,"href":"https:\/\/dev.tandemmadrid.com\/fr\/wp-json\/wp\/v2\/media\/6995"}],"wp:attachment":[{"href":"https:\/\/dev.tandemmadrid.com\/fr\/wp-json\/wp\/v2\/media?parent=11535"}],"wp:term":[{"taxonomy":"product_cat","embeddable":true,"href":"https:\/\/dev.tandemmadrid.com\/fr\/wp-json\/wp\/v2\/product_cat?post=11535"},{"taxonomy":"product_tag","embeddable":true,"href":"https:\/\/dev.tandemmadrid.com\/fr\/wp-json\/wp\/v2\/product_tag?post=11535"}],"curies":[{"name":"wp","href":"https:\/\/api.w.org\/{rel}","templated":true}]}}