
{"id":11543,"date":"2023-10-09T17:26:47","date_gmt":"2023-10-09T15:26:47","guid":{"rendered":"https:\/\/dev.tandemmadrid.com\/shop\/airport-pick-up-service\/"},"modified":"2024-02-07T16:12:55","modified_gmt":"2024-02-07T15:12:55","slug":"airport-pick-up-service","status":"publish","type":"product","link":"https:\/\/dev.tandemmadrid.com\/fr\/boutique\/airport-pick-up-service\/","title":{"rendered":"Airport pick-up service"},"content":{"rendered":"","protected":false},"excerpt":{"rendered":"<p>Apr\u00e8s un long voyage, la premi\u00e8re chose que vous voulez faire est de retourner \u00e0 votre aire de repos le plus rapidement possible. C&rsquo;est pourquoi nous vous proposons un service suppl\u00e9mentaire qui vous aidera \u00e0 y parvenir. Nous pouvons venir vous chercher \u00e0 l&rsquo;a\u00e9roport et vous emmener \u00e0 votre destination. Quelque chose de tr\u00e8s utile surtout si vous ne connaissez pas la ville et que vous ne parlez pas tr\u00e8s bien la langue.<\/p>\n","protected":false},"featured_media":9267,"template":"","meta":[],"product_cat":[153],"product_tag":[],"_links":{"self":[{"href":"https:\/\/dev.tandemmadrid.com\/fr\/wp-json\/wp\/v2\/product\/11543"}],"collection":[{"href":"https:\/\/dev.tandemmadrid.com\/fr\/wp-json\/wp\/v2\/product"}],"about":[{"href":"https:\/\/dev.tandemmadrid.com\/fr\/wp-json\/wp\/v2\/types\/product"}],"version-history":[{"count":0,"href":"https:\/\/dev.tandemmadrid.com\/fr\/wp-json\/wp\/v2\/product\/11543\/revisions"}],"wp:featuredmedia":[{"embeddable":true,"href":"https:\/\/dev.tandemmadrid.com\/fr\/wp-json\/wp\/v2\/media\/9267"}],"wp:attachment":[{"href":"https:\/\/dev.tandemmadrid.com\/fr\/wp-json\/wp\/v2\/media?parent=11543"}],"wp:term":[{"taxonomy":"product_cat","embeddable":true,"href":"https:\/\/dev.tandemmadrid.com\/fr\/wp-json\/wp\/v2\/product_cat?post=11543"},{"taxonomy":"product_tag","embeddable":true,"href":"https:\/\/dev.tandemmadrid.com\/fr\/wp-json\/wp\/v2\/product_tag?post=11543"}],"curies":[{"name":"wp","href":"https:\/\/api.w.org\/{rel}","templated":true}]}}