
{"id":11547,"date":"2023-10-09T17:59:00","date_gmt":"2023-10-09T15:59:00","guid":{"rendered":"https:\/\/dev.tandemmadrid.com\/shop\/spanish-guitar-lessons\/"},"modified":"2024-02-07T16:17:53","modified_gmt":"2024-02-07T15:17:53","slug":"cours-guitare-espagnole","status":"publish","type":"product","link":"https:\/\/dev.tandemmadrid.com\/fr\/boutique\/cours-guitare-espagnole\/","title":{"rendered":"Cours de guitare espagnole"},"content":{"rendered":"","protected":false},"excerpt":{"rendered":"<p>Si vous aimez la musique et que vous voulez apprendre \u00e0 jouer d&rsquo;un instrument typiquement espagnol, vous \u00eates au bon endroit. Gr\u00e2ce \u00e0 ce cours suppl\u00e9mentaire de guitare espagnole, vous pourrez apprendre \u00e0 jouer des chansons typiquement espagnoles au rythme de ce c\u00e9l\u00e8bre instrument.<\/p>\n","protected":false},"featured_media":6975,"template":"","meta":[],"product_cat":[153],"product_tag":[],"_links":{"self":[{"href":"https:\/\/dev.tandemmadrid.com\/fr\/wp-json\/wp\/v2\/product\/11547"}],"collection":[{"href":"https:\/\/dev.tandemmadrid.com\/fr\/wp-json\/wp\/v2\/product"}],"about":[{"href":"https:\/\/dev.tandemmadrid.com\/fr\/wp-json\/wp\/v2\/types\/product"}],"version-history":[{"count":0,"href":"https:\/\/dev.tandemmadrid.com\/fr\/wp-json\/wp\/v2\/product\/11547\/revisions"}],"wp:featuredmedia":[{"embeddable":true,"href":"https:\/\/dev.tandemmadrid.com\/fr\/wp-json\/wp\/v2\/media\/6975"}],"wp:attachment":[{"href":"https:\/\/dev.tandemmadrid.com\/fr\/wp-json\/wp\/v2\/media?parent=11547"}],"wp:term":[{"taxonomy":"product_cat","embeddable":true,"href":"https:\/\/dev.tandemmadrid.com\/fr\/wp-json\/wp\/v2\/product_cat?post=11547"},{"taxonomy":"product_tag","embeddable":true,"href":"https:\/\/dev.tandemmadrid.com\/fr\/wp-json\/wp\/v2\/product_tag?post=11547"}],"curies":[{"name":"wp","href":"https:\/\/api.w.org\/{rel}","templated":true}]}}