
{"id":11549,"date":"2023-10-09T17:53:20","date_gmt":"2023-10-09T15:53:20","guid":{"rendered":"https:\/\/dev.tandemmadrid.com\/shop\/cours-de-salsa\/"},"modified":"2024-02-07T16:21:43","modified_gmt":"2024-02-07T15:21:43","slug":"cours-salsa","status":"publish","type":"product","link":"https:\/\/dev.tandemmadrid.com\/fr\/boutique\/cours-salsa\/","title":{"rendered":"Cours de salsa"},"content":{"rendered":"","protected":false},"excerpt":{"rendered":"<p>L&rsquo;une des meilleures fa\u00e7ons de commencer \u00e0 rencontrer des gens et \u00e0 se faire des amis dans un autre pays est de s&rsquo;inscrire \u00e0 des cours de danse. Et quelle meilleure danse que la salsa, une danse tr\u00e8s vivante et pleine de rythme. N&rsquo;h\u00e9sitez pas \u00e0 vous inscrire \u00e0 ces cours de danse suppl\u00e9mentaires.<\/p>\n","protected":false},"featured_media":6967,"template":"","meta":[],"product_cat":[153],"product_tag":[],"_links":{"self":[{"href":"https:\/\/dev.tandemmadrid.com\/fr\/wp-json\/wp\/v2\/product\/11549"}],"collection":[{"href":"https:\/\/dev.tandemmadrid.com\/fr\/wp-json\/wp\/v2\/product"}],"about":[{"href":"https:\/\/dev.tandemmadrid.com\/fr\/wp-json\/wp\/v2\/types\/product"}],"version-history":[{"count":0,"href":"https:\/\/dev.tandemmadrid.com\/fr\/wp-json\/wp\/v2\/product\/11549\/revisions"}],"wp:featuredmedia":[{"embeddable":true,"href":"https:\/\/dev.tandemmadrid.com\/fr\/wp-json\/wp\/v2\/media\/6967"}],"wp:attachment":[{"href":"https:\/\/dev.tandemmadrid.com\/fr\/wp-json\/wp\/v2\/media?parent=11549"}],"wp:term":[{"taxonomy":"product_cat","embeddable":true,"href":"https:\/\/dev.tandemmadrid.com\/fr\/wp-json\/wp\/v2\/product_cat?post=11549"},{"taxonomy":"product_tag","embeddable":true,"href":"https:\/\/dev.tandemmadrid.com\/fr\/wp-json\/wp\/v2\/product_tag?post=11549"}],"curies":[{"name":"wp","href":"https:\/\/api.w.org\/{rel}","templated":true}]}}