
{"id":11550,"date":"2023-10-09T17:51:22","date_gmt":"2023-10-09T15:51:22","guid":{"rendered":"https:\/\/dev.tandemmadrid.com\/shop\/cours-de-flamenco\/"},"modified":"2024-02-07T16:25:44","modified_gmt":"2024-02-07T15:25:44","slug":"cours-flamenco","status":"publish","type":"product","link":"https:\/\/dev.tandemmadrid.com\/fr\/boutique\/cours-flamenco\/","title":{"rendered":"Cours de Flamenco"},"content":{"rendered":"","protected":false},"excerpt":{"rendered":"<p>Le flamenco est une danse traditionnelle espagnole d&rsquo;une beaut\u00e9 exquise. Quelle meilleure fa\u00e7on de s&rsquo;immerger dans la culture espagnole que de suivre ces cours suppl\u00e9mentaires de flamenco. Vous pourrez ainsi vous changer les id\u00e9es tout en vous impr\u00e9gnant de la culture espagnole.<\/p>\n","protected":false},"featured_media":6959,"template":"","meta":[],"product_cat":[153],"product_tag":[],"_links":{"self":[{"href":"https:\/\/dev.tandemmadrid.com\/fr\/wp-json\/wp\/v2\/product\/11550"}],"collection":[{"href":"https:\/\/dev.tandemmadrid.com\/fr\/wp-json\/wp\/v2\/product"}],"about":[{"href":"https:\/\/dev.tandemmadrid.com\/fr\/wp-json\/wp\/v2\/types\/product"}],"version-history":[{"count":0,"href":"https:\/\/dev.tandemmadrid.com\/fr\/wp-json\/wp\/v2\/product\/11550\/revisions"}],"wp:featuredmedia":[{"embeddable":true,"href":"https:\/\/dev.tandemmadrid.com\/fr\/wp-json\/wp\/v2\/media\/6959"}],"wp:attachment":[{"href":"https:\/\/dev.tandemmadrid.com\/fr\/wp-json\/wp\/v2\/media?parent=11550"}],"wp:term":[{"taxonomy":"product_cat","embeddable":true,"href":"https:\/\/dev.tandemmadrid.com\/fr\/wp-json\/wp\/v2\/product_cat?post=11550"},{"taxonomy":"product_tag","embeddable":true,"href":"https:\/\/dev.tandemmadrid.com\/fr\/wp-json\/wp\/v2\/product_tag?post=11550"}],"curies":[{"name":"wp","href":"https:\/\/api.w.org\/{rel}","templated":true}]}}