
{"id":11553,"date":"2023-10-09T17:43:43","date_gmt":"2023-10-09T15:43:43","guid":{"rendered":"https:\/\/dev.tandemmadrid.com\/shop\/assurance-voyage\/"},"modified":"2024-02-07T16:33:19","modified_gmt":"2024-02-07T15:33:19","slug":"assurance-voyage","status":"publish","type":"product","link":"https:\/\/dev.tandemmadrid.com\/fr\/boutique\/assurance-voyage\/","title":{"rendered":"Assurance voyage"},"content":{"rendered":"","protected":false},"excerpt":{"rendered":"<p>De nos jours, de nombreux d\u00e9sagr\u00e9ments peuvent survenir au cours d&rsquo;un voyage. Souscrivez une assurance voyage pour seulement 1,30\u20ac par jour. Gr\u00e2ce \u00e0 cette assurance, vous pouvez voyager en toute tranquillit\u00e9 et vous concentrer sur ce qui compte vraiment pendant votre voyage.<\/p>\n","protected":false},"featured_media":6952,"template":"","meta":[],"product_cat":[153],"product_tag":[],"_links":{"self":[{"href":"https:\/\/dev.tandemmadrid.com\/fr\/wp-json\/wp\/v2\/product\/11553"}],"collection":[{"href":"https:\/\/dev.tandemmadrid.com\/fr\/wp-json\/wp\/v2\/product"}],"about":[{"href":"https:\/\/dev.tandemmadrid.com\/fr\/wp-json\/wp\/v2\/types\/product"}],"version-history":[{"count":0,"href":"https:\/\/dev.tandemmadrid.com\/fr\/wp-json\/wp\/v2\/product\/11553\/revisions"}],"wp:featuredmedia":[{"embeddable":true,"href":"https:\/\/dev.tandemmadrid.com\/fr\/wp-json\/wp\/v2\/media\/6952"}],"wp:attachment":[{"href":"https:\/\/dev.tandemmadrid.com\/fr\/wp-json\/wp\/v2\/media?parent=11553"}],"wp:term":[{"taxonomy":"product_cat","embeddable":true,"href":"https:\/\/dev.tandemmadrid.com\/fr\/wp-json\/wp\/v2\/product_cat?post=11553"},{"taxonomy":"product_tag","embeddable":true,"href":"https:\/\/dev.tandemmadrid.com\/fr\/wp-json\/wp\/v2\/product_tag?post=11553"}],"curies":[{"name":"wp","href":"https:\/\/api.w.org\/{rel}","templated":true}]}}