
{"id":11556,"date":"2023-10-09T17:37:16","date_gmt":"2023-10-09T15:37:16","guid":{"rendered":"https:\/\/dev.tandemmadrid.com\/shop\/personal-shopper-2-heures\/"},"modified":"2024-02-07T16:38:16","modified_gmt":"2024-02-07T15:38:16","slug":"personal-shopper","status":"publish","type":"product","link":"https:\/\/dev.tandemmadrid.com\/fr\/boutique\/personal-shopper\/","title":{"rendered":"Personal shopper (2 heures)"},"content":{"rendered":"","protected":false},"excerpt":{"rendered":"<p>Gr\u00e2ce \u00e0 cette option suppl\u00e9mentaire de personal shopper, vous pourrez enfin donner un sens \u00e0 votre passion pour la mode. Il s&rsquo;agit d&rsquo;un extra parfait dans lequel vous serez guid\u00e9e dans les endroits les plus branch\u00e9s de Madrid. Un extra parfait pour les passionn\u00e9s de mode qui veulent s&rsquo;amuser \u00e0 faire du shopping \u00e0 Madrid tout en suivant un cours d&rsquo;espagnol.<\/p>\n","protected":false},"featured_media":9254,"template":"","meta":[],"product_cat":[153],"product_tag":[],"_links":{"self":[{"href":"https:\/\/dev.tandemmadrid.com\/fr\/wp-json\/wp\/v2\/product\/11556"}],"collection":[{"href":"https:\/\/dev.tandemmadrid.com\/fr\/wp-json\/wp\/v2\/product"}],"about":[{"href":"https:\/\/dev.tandemmadrid.com\/fr\/wp-json\/wp\/v2\/types\/product"}],"version-history":[{"count":0,"href":"https:\/\/dev.tandemmadrid.com\/fr\/wp-json\/wp\/v2\/product\/11556\/revisions"}],"wp:featuredmedia":[{"embeddable":true,"href":"https:\/\/dev.tandemmadrid.com\/fr\/wp-json\/wp\/v2\/media\/9254"}],"wp:attachment":[{"href":"https:\/\/dev.tandemmadrid.com\/fr\/wp-json\/wp\/v2\/media?parent=11556"}],"wp:term":[{"taxonomy":"product_cat","embeddable":true,"href":"https:\/\/dev.tandemmadrid.com\/fr\/wp-json\/wp\/v2\/product_cat?post=11556"},{"taxonomy":"product_tag","embeddable":true,"href":"https:\/\/dev.tandemmadrid.com\/fr\/wp-json\/wp\/v2\/product_tag?post=11556"}],"curies":[{"name":"wp","href":"https:\/\/api.w.org\/{rel}","templated":true}]}}