
{"id":11077,"date":"2024-02-02T15:22:36","date_gmt":"2024-02-02T14:22:36","guid":{"rendered":"https:\/\/dev.tandemmadrid.com\/corsi-di-spagnolo-commerciale\/"},"modified":"2024-02-05T00:51:38","modified_gmt":"2024-02-04T23:51:38","slug":"corsi-spagnolo-commerciale","status":"publish","type":"page","link":"https:\/\/dev.tandemmadrid.com\/it\/corsi-spagnolo-commerciale\/","title":{"rendered":"Corsi di spagnolo commerciale"},"content":{"rendered":"\t\t<div data-elementor-type=\"wp-page\" data-elementor-id=\"11077\" class=\"elementor elementor-11077 elementor-9501\" data-elementor-post-type=\"page\">\n\t\t\t\t\t\t\t<div class=\"elementor-element elementor-element-ec5d266 e-flex e-con-boxed e-con e-parent\" data-id=\"ec5d266\" data-element_type=\"container\" data-settings=\"{&quot;content_width&quot;:&quot;boxed&quot;}\" data-core-v316-plus=\"true\">\n\t\t\t\t\t<div class=\"e-con-inner\">\n\t\t\t\t<div class=\"elementor-element elementor-element-cf9ddf3 cursocontent elementor-widget elementor-widget-text-editor\" data-id=\"cf9ddf3\" data-element_type=\"widget\" data-widget_type=\"text-editor.default\">\n\t\t\t\t<div class=\"elementor-widget-container\">\n\t\t\t<style>\/*! elementor - v3.16.0 - 20-09-2023 *\/\n.elementor-widget-text-editor.elementor-drop-cap-view-stacked .elementor-drop-cap{background-color:#69727d;color:#fff}.elementor-widget-text-editor.elementor-drop-cap-view-framed .elementor-drop-cap{color:#69727d;border:3px solid;background-color:transparent}.elementor-widget-text-editor:not(.elementor-drop-cap-view-default) .elementor-drop-cap{margin-top:8px}.elementor-widget-text-editor:not(.elementor-drop-cap-view-default) .elementor-drop-cap-letter{width:1em;height:1em}.elementor-widget-text-editor .elementor-drop-cap{float:left;text-align:center;line-height:1;font-size:50px}.elementor-widget-text-editor .elementor-drop-cap-letter{display:inline-block}<\/style>\t\t\t\t<p>Anche i professionisti che cercano lavoro nei Paesi di lingua spagnola hanno bisogno di una solida conoscenza della lingua per poter svolgere le loro attivit\u00e0 con sicurezza e fare carriera.<\/p>\n<div id=\"trm1\" style=\"display:none;\">\n<p>Va inoltre sottolineato che la Spagna, e in particolare Madrid, \u00e8 una porta d&#8217;accesso ai Paesi di lingua spagnola, in quanto \u00e8 l&#8217;unico Paese di lingua spagnola dell&#8217;Unione Europea, e ha ottime relazioni con gli altri Paesi.<\/p>\n\n<p>Alcune attivit\u00e0 in classe sono direttamente collegate a diverse aree dell&#8217;ambiente professionale e includono contenuti interculturali sulla comunit\u00e0 ispanica. Questo corso di spagnolo \u00e8 rivolto specialmente agli studenti di livelli avanzati che mirano all\u2019acquisizione del \u201cCertificado B\u00e1sico\u201d, \u201cCertificado Superior\u201d o \u201cDiploma de Espa\u00f1ol de los Negocios\u201d della Camera di Commercio e Industria di Madrid.<\/p>\n\n<p>Oltre alle attivit\u00e0 in classe, il programma prevede visite a varie istituzioni e aziende di diversi settori di Madrid, come ad esempio il Parlamento spagnolo, El Corte Ingl\u00e9s, la Camera di Commercio, Robert Bosch o AVON Cosmetics, solo per citarne alcuni.<\/p>\n\n<p>TANDEM ESCUELA INTERNACIONAL collabora con la Camera di Commercio e Industria di Madrid e organizza questi corsi di preparazione per acquisire:<\/p>\n\n<p>Certificado B\u00e1sico de Espa\u00f1ol de los Negocios\nCertificado Superior de Espa\u00f1ol de los Negocios\nDiploma de Espa\u00f1ol de los Negocios<\/p>\n<\/div>\n<p class=\"cent mtop15\"><a title=\"Per saperne di pi\u00f9\" id=\"trmbt1\" class=\"togglebtn\" onclick=\"toggle_visibility('trm1');toggle_visibility('trmbt1');toggle_visibility('trmbt2');\" style=\"display:block;\">Leggi [+]<\/a><a title=\"Leggi di pi\u00f9\" id=\"trmbt2\" class=\"togglebtn\" onclick=\"toggle_visibility('trm1');toggle_visibility('trmbt1');toggle_visibility('trmbt2');\" style=\"display:none;\">Leggi [-]<\/a> <\/p>\t\t\t\t\t\t<\/div>\n\t\t\t\t<\/div>\n\t\t\t\t\t<\/div>\n\t\t\t\t<\/div>\n\t\t<div class=\"elementor-element elementor-element-5c31b86 e-flex e-con-boxed e-con e-parent\" data-id=\"5c31b86\" data-element_type=\"container\" data-settings=\"{&quot;content_width&quot;:&quot;boxed&quot;}\" data-core-v316-plus=\"true\">\n\t\t\t\t\t<div class=\"e-con-inner\">\n\t\t\t\t<div class=\"elementor-element elementor-element-3181e31 elementor-widget elementor-widget-template\" data-id=\"3181e31\" data-element_type=\"widget\" data-widget_type=\"template.default\">\n\t\t\t\t<div class=\"elementor-widget-container\">\n\t\t\t\t\t<div class=\"elementor-template\">\n\t\t\t\t\t<div data-elementor-type=\"container\" data-elementor-id=\"9711\" class=\"elementor elementor-9711 elementor-6042\" data-elementor-post-type=\"elementor_library\">\n\t\t\t\t\t\t\t<div class=\"elementor-element elementor-element-1d891c72 e-flex e-con-boxed e-con e-parent\" data-id=\"1d891c72\" data-element_type=\"container\" data-settings=\"{&quot;content_width&quot;:&quot;boxed&quot;}\" data-core-v316-plus=\"true\">\n\t\t\t\t\t<div class=\"e-con-inner\">\n\t\t\t\t<div class=\"elementor-element elementor-element-25f62626 elementor-widget elementor-widget-heading\" data-id=\"25f62626\" data-element_type=\"widget\" data-widget_type=\"heading.default\">\n\t\t\t\t<div class=\"elementor-widget-container\">\n\t\t\t<style>\/*! elementor - v3.16.0 - 20-09-2023 *\/\n.elementor-heading-title{padding:0;margin:0;line-height:1}.elementor-widget-heading .elementor-heading-title[class*=elementor-size-]>a{color:inherit;font-size:inherit;line-height:inherit}.elementor-widget-heading .elementor-heading-title.elementor-size-small{font-size:15px}.elementor-widget-heading .elementor-heading-title.elementor-size-medium{font-size:19px}.elementor-widget-heading .elementor-heading-title.elementor-size-large{font-size:29px}.elementor-widget-heading .elementor-heading-title.elementor-size-xl{font-size:39px}.elementor-widget-heading .elementor-heading-title.elementor-size-xxl{font-size:59px}<\/style><h2 class=\"elementor-heading-title elementor-size-default\">Lista dei corsi: Corsi di spagnolo commerciale<\/h2>\t\t<\/div>\n\t\t\t\t<\/div>\n\t\t\t\t<div class=\"elementor-element elementor-element-624bdfb5 elementor-widget-divider--view-line elementor-widget elementor-widget-divider\" data-id=\"624bdfb5\" data-element_type=\"widget\" data-widget_type=\"divider.default\">\n\t\t\t\t<div class=\"elementor-widget-container\">\n\t\t\t<style>\/*! elementor - v3.16.0 - 20-09-2023 *\/\n.elementor-widget-divider{--divider-border-style:none;--divider-border-width:1px;--divider-color:#0c0d0e;--divider-icon-size:20px;--divider-element-spacing:10px;--divider-pattern-height:24px;--divider-pattern-size:20px;--divider-pattern-url:none;--divider-pattern-repeat:repeat-x}.elementor-widget-divider .elementor-divider{display:flex}.elementor-widget-divider .elementor-divider__text{font-size:15px;line-height:1;max-width:95%}.elementor-widget-divider .elementor-divider__element{margin:0 var(--divider-element-spacing);flex-shrink:0}.elementor-widget-divider .elementor-icon{font-size:var(--divider-icon-size)}.elementor-widget-divider .elementor-divider-separator{display:flex;margin:0;direction:ltr}.elementor-widget-divider--view-line_icon .elementor-divider-separator,.elementor-widget-divider--view-line_text .elementor-divider-separator{align-items:center}.elementor-widget-divider--view-line_icon .elementor-divider-separator:after,.elementor-widget-divider--view-line_icon .elementor-divider-separator:before,.elementor-widget-divider--view-line_text .elementor-divider-separator:after,.elementor-widget-divider--view-line_text .elementor-divider-separator:before{display:block;content:\"\";border-bottom:0;flex-grow:1;border-top:var(--divider-border-width) var(--divider-border-style) var(--divider-color)}.elementor-widget-divider--element-align-left .elementor-divider .elementor-divider-separator>.elementor-divider__svg:first-of-type{flex-grow:0;flex-shrink:100}.elementor-widget-divider--element-align-left .elementor-divider-separator:before{content:none}.elementor-widget-divider--element-align-left .elementor-divider__element{margin-left:0}.elementor-widget-divider--element-align-right .elementor-divider .elementor-divider-separator>.elementor-divider__svg:last-of-type{flex-grow:0;flex-shrink:100}.elementor-widget-divider--element-align-right .elementor-divider-separator:after{content:none}.elementor-widget-divider--element-align-right .elementor-divider__element{margin-right:0}.elementor-widget-divider:not(.elementor-widget-divider--view-line_text):not(.elementor-widget-divider--view-line_icon) .elementor-divider-separator{border-top:var(--divider-border-width) var(--divider-border-style) var(--divider-color)}.elementor-widget-divider--separator-type-pattern{--divider-border-style:none}.elementor-widget-divider--separator-type-pattern.elementor-widget-divider--view-line .elementor-divider-separator,.elementor-widget-divider--separator-type-pattern:not(.elementor-widget-divider--view-line) .elementor-divider-separator:after,.elementor-widget-divider--separator-type-pattern:not(.elementor-widget-divider--view-line) .elementor-divider-separator:before,.elementor-widget-divider--separator-type-pattern:not([class*=elementor-widget-divider--view]) .elementor-divider-separator{width:100%;min-height:var(--divider-pattern-height);-webkit-mask-size:var(--divider-pattern-size) 100%;mask-size:var(--divider-pattern-size) 100%;-webkit-mask-repeat:var(--divider-pattern-repeat);mask-repeat:var(--divider-pattern-repeat);background-color:var(--divider-color);-webkit-mask-image:var(--divider-pattern-url);mask-image:var(--divider-pattern-url)}.elementor-widget-divider--no-spacing{--divider-pattern-size:auto}.elementor-widget-divider--bg-round{--divider-pattern-repeat:round}.rtl .elementor-widget-divider .elementor-divider__text{direction:rtl}.e-con-inner>.elementor-widget-divider,.e-con>.elementor-widget-divider{width:var(--container-widget-width,100%);--flex-grow:var(--container-widget-flex-grow)}<\/style>\t\t<div class=\"elementor-divider\">\n\t\t\t<span class=\"elementor-divider-separator\">\n\t\t\t\t\t\t<\/span>\n\t\t<\/div>\n\t\t\t\t<\/div>\n\t\t\t\t<\/div>\n\t\t\t\t\t<\/div>\n\t\t\t\t<\/div>\n\t\t\t\t\t\t\t<\/div>\n\t\t\t\t<\/div>\n\t\t\t\t<\/div>\n\t\t\t\t<\/div>\n\t\t\t\t\t<\/div>\n\t\t\t\t<\/div>\n\t\t<div class=\"elementor-element elementor-element-6614abf e-flex e-con-boxed e-con e-parent\" data-id=\"6614abf\" data-element_type=\"container\" data-settings=\"{&quot;content_width&quot;:&quot;boxed&quot;}\" data-core-v316-plus=\"true\">\n\t\t\t\t\t<div class=\"e-con-inner\">\n\t\t\t\t<div class=\"elementor-element elementor-element-7b8498a elementor-widget elementor-widget-jet-listing-grid\" data-id=\"7b8498a\" data-element_type=\"widget\" data-settings=\"{&quot;columns&quot;:3}\" data-widget_type=\"jet-listing-grid.default\">\n\t\t\t\t<div class=\"elementor-widget-container\">\n\t\t\t<div class=\"jet-listing-notice\">Please select listing to show.<\/div>\t\t<\/div>\n\t\t\t\t<\/div>\n\t\t\t\t\t<\/div>\n\t\t\t\t<\/div>\n\t\t\t\t\t\t\t<\/div>\n\t\t","protected":false},"excerpt":{"rendered":"<p>Anche i professionisti che cercano lavoro nei Paesi di lingua spagnola hanno bisogno di una solida conoscenza della lingua per poter svolgere le loro attivit\u00e0 con sicurezza e fare carriera. Va inoltre sottolineato che la Spagna, e in particolare Madrid, \u00e8 una porta d&#8217;accesso ai Paesi di lingua spagnola, in quanto \u00e8 l&#8217;unico Paese di [&hellip;]<\/p>\n","protected":false},"author":1,"featured_media":9506,"parent":0,"menu_order":0,"comment_status":"closed","ping_status":"closed","template":"","meta":{"footnotes":"","_elementor_data":"[{\"id\":\"ec5d266\",\"elType\":\"container\",\"settings\":{\"flex_direction\":\"column\",\"jedv_conditions\":[{\"_id\":\"0f48cb8\"}]},\"elements\":[{\"id\":\"cf9ddf3\",\"elType\":\"widget\",\"settings\":{\"editor\":\"<p>Anche i professionisti che cercano lavoro nei Paesi di lingua spagnola hanno bisogno di una solida conoscenza della lingua per poter svolgere le loro attivit\\u00e0 con sicurezza e fare carriera.<\\\/p>\\n<div id=\\\"trm1\\\" style=\\\"display:none;\\\">\\n<p>Va inoltre sottolineato che la Spagna, e in particolare Madrid, \\u00e8 una porta d'accesso ai Paesi di lingua spagnola, in quanto \\u00e8 l'unico Paese di lingua spagnola dell'Unione Europea, e ha ottime relazioni con gli altri Paesi.<\\\/p>\\n\\n<p>Alcune attivit\\u00e0 in classe sono direttamente collegate a diverse aree dell'ambiente professionale e includono contenuti interculturali sulla comunit\\u00e0 ispanica. Questo corso di spagnolo \\u00e8 rivolto specialmente agli studenti di livelli avanzati che mirano all\\u2019acquisizione del \\u201cCertificado B\\u00e1sico\\u201d, \\u201cCertificado Superior\\u201d o \\u201cDiploma de Espa\\u00f1ol de los Negocios\\u201d della Camera di Commercio e Industria di Madrid.<\\\/p>\\n\\n<p>Oltre alle attivit\\u00e0 in classe, il programma prevede visite a varie istituzioni e aziende di diversi settori di Madrid, come ad esempio il Parlamento spagnolo, El Corte Ingl\\u00e9s, la Camera di Commercio, Robert Bosch o AVON Cosmetics, solo per citarne alcuni.<\\\/p>\\n\\n<p>TANDEM ESCUELA INTERNACIONAL collabora con la Camera di Commercio e Industria di Madrid e organizza questi corsi di preparazione per acquisire:<\\\/p>\\n\\n<p>Certificado B\\u00e1sico de Espa\\u00f1ol de los Negocios\\nCertificado Superior de Espa\\u00f1ol de los Negocios\\nDiploma de Espa\\u00f1ol de los Negocios<\\\/p>\\n<\\\/div>\\n<p class=\\\"cent mtop15\\\"><a title=\\\"Per saperne di pi\\u00f9\\\" id=\\\"trmbt1\\\" class=\\\"togglebtn\\\" onclick=\\\"toggle_visibility('trm1');toggle_visibility('trmbt1');toggle_visibility('trmbt2');\\\" style=\\\"display:block;\\\">Leggi [+]<\\\/a><a title=\\\"Leggi di pi\\u00f9\\\" id=\\\"trmbt2\\\" class=\\\"togglebtn\\\" onclick=\\\"toggle_visibility('trm1');toggle_visibility('trmbt1');toggle_visibility('trmbt2');\\\" style=\\\"display:none;\\\">Leggi [-]<\\\/a> <\\\/p>\",\"_css_classes\":\"cursocontent\",\"jedv_conditions\":[{\"_id\":\"9056341\"}]},\"elements\":[],\"widgetType\":\"text-editor\"}],\"isInner\":false},{\"id\":\"5c31b86\",\"elType\":\"container\",\"settings\":{\"flex_direction\":\"column\",\"jedv_conditions\":[{\"_id\":\"056ed9c\"}]},\"elements\":[{\"id\":\"3181e31\",\"elType\":\"widget\",\"settings\":{\"template_id\":\"6042\",\"jedv_conditions\":[{\"_id\":\"acbc955\"}]},\"elements\":[],\"widgetType\":\"template\"}],\"isInner\":false},{\"id\":\"6614abf\",\"elType\":\"container\",\"settings\":{\"flex_direction\":\"column\",\"jedv_conditions\":[{\"_id\":\"fed75cc\"}]},\"elements\":[{\"id\":\"7b8498a\",\"elType\":\"widget\",\"settings\":{\"not_found_message\":\"Non sono stati trovati dati\",\"injection_items\":[],\"custom_query\":\"yes\",\"custom_query_id\":\"12\",\"posts_query\":[],\"terms_meta_query\":[],\"users_meta_query\":[],\"jedv_conditions\":[{\"_id\":\"1073597\"}]},\"elements\":[],\"widgetType\":\"jet-listing-grid\"}],\"isInner\":false}]","_elementor_edit_mode":"builder","_elementor_template_type":"wp-page","_elementor_page_settings":""},"_links":{"self":[{"href":"https:\/\/dev.tandemmadrid.com\/it\/wp-json\/wp\/v2\/pages\/11077"}],"collection":[{"href":"https:\/\/dev.tandemmadrid.com\/it\/wp-json\/wp\/v2\/pages"}],"about":[{"href":"https:\/\/dev.tandemmadrid.com\/it\/wp-json\/wp\/v2\/types\/page"}],"author":[{"embeddable":true,"href":"https:\/\/dev.tandemmadrid.com\/it\/wp-json\/wp\/v2\/users\/1"}],"replies":[{"embeddable":true,"href":"https:\/\/dev.tandemmadrid.com\/it\/wp-json\/wp\/v2\/comments?post=11077"}],"version-history":[{"count":0,"href":"https:\/\/dev.tandemmadrid.com\/it\/wp-json\/wp\/v2\/pages\/11077\/revisions"}],"wp:featuredmedia":[{"embeddable":true,"href":"https:\/\/dev.tandemmadrid.com\/it\/wp-json\/wp\/v2\/media\/9506"}],"wp:attachment":[{"href":"https:\/\/dev.tandemmadrid.com\/it\/wp-json\/wp\/v2\/media?parent=11077"}],"curies":[{"name":"wp","href":"https:\/\/api.w.org\/{rel}","templated":true}]}}