
{"id":11125,"date":"2024-01-28T11:48:26","date_gmt":"2024-01-28T10:48:26","guid":{"rendered":"https:\/\/dev.tandemmadrid.com\/shop\/prenota-il-corso-esperienza-di-tutorato-e-pratica-per-professori-di-spagnolo\/"},"modified":"2024-02-05T12:58:11","modified_gmt":"2024-02-05T11:58:11","slug":"tutorato-pratica-professori","status":"publish","type":"product","link":"https:\/\/dev.tandemmadrid.com\/it\/negozio\/tutorato-pratica-professori\/","title":{"rendered":"Prenota il corso: Esperienza di tutorato e pratica per professori di spagnolo"},"content":{"rendered":"<table class=\"tabla-cursos\">\n<tbody>\n<tr>\n<td class=\"celdas-izq\">Durata<\/td>\n<td class=\"celdas-dcha\">Minimo 1 settimana, 30 lezioni da 45 minuti.<\/td>\n<\/tr>\n<tr>\n<td class=\"celdas-izq\">Date<\/td>\n<td class=\"celdas-dcha\">Tutto l\u2019anno, dal luned\u00ec al venerd\u00ec.<\/br>Potete iniziare qualsiasi luned\u00ec dell\u2019anno.\n<\/td>\n<\/tr>\n<\/tbody>\n<\/table>\n","protected":false},"excerpt":{"rendered":"<p>Una o due settimane di osservazione in classe ed esercitazioni pratiche di insegnamento con insegnanti spagnoli esperti di TANDEM Madrid.<\/p>\n<p>I partecipanti verranno affidati ad un istruttore della nostra squadra, che li accompagner\u00e1 durante le due settimane di assistenza e di pratica. Ogni fase di assistenza sar\u00e1 guidata da alcune attivit\u00e1 che saranno organizzate prima della sessione. Queste attivit\u00e1 aiuteranno i partecipanti a prendere coscienza dei differenti fattori che intervengono in una lezione.<\/p>\n<p style=\"text-align:center;\"><a href=\"\/it\/c\/esperienza-di-tutorato-e-pratica-professori-spagnolo\/\" title=\"Ulteriori informazioni sul corso: Prenota il corso: Esperienza di tutorato e pratica per professori di spagnolo\" class=\"buttonaction\">Ulteriori informazioni sul corso<\/a><\/p>\n","protected":false},"featured_media":7329,"template":"","meta":[],"product_cat":[178],"product_tag":[],"_links":{"self":[{"href":"https:\/\/dev.tandemmadrid.com\/it\/wp-json\/wp\/v2\/product\/11125"}],"collection":[{"href":"https:\/\/dev.tandemmadrid.com\/it\/wp-json\/wp\/v2\/product"}],"about":[{"href":"https:\/\/dev.tandemmadrid.com\/it\/wp-json\/wp\/v2\/types\/product"}],"version-history":[{"count":0,"href":"https:\/\/dev.tandemmadrid.com\/it\/wp-json\/wp\/v2\/product\/11125\/revisions"}],"wp:featuredmedia":[{"embeddable":true,"href":"https:\/\/dev.tandemmadrid.com\/it\/wp-json\/wp\/v2\/media\/7329"}],"wp:attachment":[{"href":"https:\/\/dev.tandemmadrid.com\/it\/wp-json\/wp\/v2\/media?parent=11125"}],"wp:term":[{"taxonomy":"product_cat","embeddable":true,"href":"https:\/\/dev.tandemmadrid.com\/it\/wp-json\/wp\/v2\/product_cat?post=11125"},{"taxonomy":"product_tag","embeddable":true,"href":"https:\/\/dev.tandemmadrid.com\/it\/wp-json\/wp\/v2\/product_tag?post=11125"}],"curies":[{"name":"wp","href":"https:\/\/api.w.org\/{rel}","templated":true}]}}