
{"id":11175,"date":"2023-10-09T17:26:47","date_gmt":"2023-10-09T15:26:47","guid":{"rendered":"https:\/\/dev.tandemmadrid.com\/shop\/ritiro-dallaeroporto\/"},"modified":"2024-02-05T15:09:17","modified_gmt":"2024-02-05T14:09:17","slug":"ritiro-dallaeroporto","status":"publish","type":"product","link":"https:\/\/dev.tandemmadrid.com\/it\/negozio\/ritiro-dallaeroporto\/","title":{"rendered":"RITIRO DALL&#8217;AEROPORTO"},"content":{"rendered":"","protected":false},"excerpt":{"rendered":"<p>Dopo un lungo viaggio, la prima cosa che vuoi fare \u00e8 tornare al tuo alloggio il prima possibile. Ecco perch\u00e9 offriamo un servizio extra che ti aiuter\u00e0 a raggiungere questo obiettivo. Possiamo venirti a prendere all&#8217;aeroporto e portarti a destinazione. Qualcosa di molto utile soprattutto se non conosci la citt\u00e0 e non parli molto bene la lingua.<\/p>\n","protected":false},"featured_media":9269,"template":"","meta":[],"product_cat":[154],"product_tag":[],"_links":{"self":[{"href":"https:\/\/dev.tandemmadrid.com\/it\/wp-json\/wp\/v2\/product\/11175"}],"collection":[{"href":"https:\/\/dev.tandemmadrid.com\/it\/wp-json\/wp\/v2\/product"}],"about":[{"href":"https:\/\/dev.tandemmadrid.com\/it\/wp-json\/wp\/v2\/types\/product"}],"version-history":[{"count":0,"href":"https:\/\/dev.tandemmadrid.com\/it\/wp-json\/wp\/v2\/product\/11175\/revisions"}],"wp:featuredmedia":[{"embeddable":true,"href":"https:\/\/dev.tandemmadrid.com\/it\/wp-json\/wp\/v2\/media\/9269"}],"wp:attachment":[{"href":"https:\/\/dev.tandemmadrid.com\/it\/wp-json\/wp\/v2\/media?parent=11175"}],"wp:term":[{"taxonomy":"product_cat","embeddable":true,"href":"https:\/\/dev.tandemmadrid.com\/it\/wp-json\/wp\/v2\/product_cat?post=11175"},{"taxonomy":"product_tag","embeddable":true,"href":"https:\/\/dev.tandemmadrid.com\/it\/wp-json\/wp\/v2\/product_tag?post=11175"}],"curies":[{"name":"wp","href":"https:\/\/api.w.org\/{rel}","templated":true}]}}