
{"id":11210,"date":"2023-10-09T17:37:16","date_gmt":"2023-10-09T15:37:16","guid":{"rendered":"https:\/\/dev.tandemmadrid.com\/shop\/personal-shopper-2-ore\/"},"modified":"2024-02-05T15:38:39","modified_gmt":"2024-02-05T14:38:39","slug":"personal-shopper","status":"publish","type":"product","link":"https:\/\/dev.tandemmadrid.com\/it\/negozio\/personal-shopper\/","title":{"rendered":"PERSONAL SHOPPER (2 ORE)"},"content":{"rendered":"","protected":false},"excerpt":{"rendered":"<p>TANDEM Madrid pu\u00f2 offrirvi un personal shopper che vi guider\u00e0 nei negozi pi\u00f9 emblematici di Madrid. Marchi esclusivi, migliori offerte.<\/p>\n<p>Grazie a questa opzione extra di personal shopper potrai finalmente dare un senso alla tua passione per la moda. Si tratta di un extra perfetto in cui sarai guidato attraverso i luoghi pi\u00f9 di tendenza di Madrid. Un extra perfetto per gli appassionati di moda che vogliono divertirsi con lo shopping a Madrid mentre seguono un corso di spagnolo.<\/p>\n","protected":false},"featured_media":9256,"template":"","meta":[],"product_cat":[154],"product_tag":[],"_links":{"self":[{"href":"https:\/\/dev.tandemmadrid.com\/it\/wp-json\/wp\/v2\/product\/11210"}],"collection":[{"href":"https:\/\/dev.tandemmadrid.com\/it\/wp-json\/wp\/v2\/product"}],"about":[{"href":"https:\/\/dev.tandemmadrid.com\/it\/wp-json\/wp\/v2\/types\/product"}],"version-history":[{"count":0,"href":"https:\/\/dev.tandemmadrid.com\/it\/wp-json\/wp\/v2\/product\/11210\/revisions"}],"wp:featuredmedia":[{"embeddable":true,"href":"https:\/\/dev.tandemmadrid.com\/it\/wp-json\/wp\/v2\/media\/9256"}],"wp:attachment":[{"href":"https:\/\/dev.tandemmadrid.com\/it\/wp-json\/wp\/v2\/media?parent=11210"}],"wp:term":[{"taxonomy":"product_cat","embeddable":true,"href":"https:\/\/dev.tandemmadrid.com\/it\/wp-json\/wp\/v2\/product_cat?post=11210"},{"taxonomy":"product_tag","embeddable":true,"href":"https:\/\/dev.tandemmadrid.com\/it\/wp-json\/wp\/v2\/product_tag?post=11210"}],"curies":[{"name":"wp","href":"https:\/\/api.w.org\/{rel}","templated":true}]}}