
{"id":9435,"date":"2023-10-10T13:43:30","date_gmt":"2023-10-10T11:43:30","guid":{"rendered":"https:\/\/dev.tandemmadrid.com\/shop\/prenota-il-corso-lezioni-private-di-spagnolo\/"},"modified":"2024-02-02T10:37:17","modified_gmt":"2024-02-02T09:37:17","slug":"lezioni-private-spagnolo","status":"publish","type":"product","link":"https:\/\/dev.tandemmadrid.com\/it\/negozio\/lezioni-private-spagnolo\/","title":{"rendered":"Prenota il corso: Lezioni private di spagnolo"},"content":{"rendered":"<table class=\"tabla-cursos\" border=\"1px\">\n<tbody>\n<tr>\n<td class=\"celdas-izq\">Date di inizio<\/td>\n<td class=\"celdas-dcha\">Qualsiasi giorno dell\u2019anno<\/td>\n<\/tr>\n<tr class=\"fondo-color\">\n<td class=\"celdas-izq\">Numero di lezioni<\/td>\n<td class=\"celdas-dcha\">Minimo 1 lezione<\/td>\n<\/tr>\n<tr>\n<td class=\"celdas-izq\">Livelli<\/td>\n<td class=\"celdas-dcha\">Tutti i livelli<\/td>\n<\/tr>\n<tr class=\"fondo-color\">\n<td class=\"celdas-izq\">OPZIONALE<\/td>\n<td class=\"celdas-dcha\">Pranzo con il professore<\/td>\n<\/tr>\n<tr class=\"fondo-color\">\n<td class=\"celdas-izq\">Durata di ogni lezione<\/td>\n<td class=\"celdas-dcha\">45 min<\/td>\n<\/tr>\n<tr>\n<td class=\"celdas-izq\">Costi di iscrizione<\/td>\n<td class=\"celdas-dcha\"><strong>50\u20ac<\/strong><\/td>\n<\/tr>\n<\/tbody>\n<\/table>\n","protected":false},"excerpt":{"rendered":"<p>Il corso fornisce una formazione individuale basato sul tuo ritmo. Il tuo insegnante si adatter\u00e0 alla tua conoscenza dello spagnolo e alle tue esigenze personali e professionali, e sar\u00e0 con te e ti assister\u00e0 nel tuo processo di apprendimento.<br \/>\nIl contenuto delle nostre lezioni private di spagnolo \u00e8 determinato dagli studenti stessi. Saranno anche gli studenti a decidere il numero di lezioni di spagnolo che desiderano frequentare e quali orari si adattano meglio a loro per i 45 minuti di lezione privata di spagnolo.<\/p>\n<p style=\"text-align:center;\"><a href=\"\/it\/c\/lezioni-private-di-spagnolo\/\" title=\"Per saperne di pi\u00f9 sul corso: Lezioni private di Spagnolo\" class=\"buttonaction\">Per saperne di pi\u00f9 su questo corso<\/a><\/p>\n","protected":false},"featured_media":7371,"template":"","meta":[],"product_cat":[129],"product_tag":[],"_links":{"self":[{"href":"https:\/\/dev.tandemmadrid.com\/it\/wp-json\/wp\/v2\/product\/9435"}],"collection":[{"href":"https:\/\/dev.tandemmadrid.com\/it\/wp-json\/wp\/v2\/product"}],"about":[{"href":"https:\/\/dev.tandemmadrid.com\/it\/wp-json\/wp\/v2\/types\/product"}],"version-history":[{"count":0,"href":"https:\/\/dev.tandemmadrid.com\/it\/wp-json\/wp\/v2\/product\/9435\/revisions"}],"wp:featuredmedia":[{"embeddable":true,"href":"https:\/\/dev.tandemmadrid.com\/it\/wp-json\/wp\/v2\/media\/7371"}],"wp:attachment":[{"href":"https:\/\/dev.tandemmadrid.com\/it\/wp-json\/wp\/v2\/media?parent=9435"}],"wp:term":[{"taxonomy":"product_cat","embeddable":true,"href":"https:\/\/dev.tandemmadrid.com\/it\/wp-json\/wp\/v2\/product_cat?post=9435"},{"taxonomy":"product_tag","embeddable":true,"href":"https:\/\/dev.tandemmadrid.com\/it\/wp-json\/wp\/v2\/product_tag?post=9435"}],"curies":[{"name":"wp","href":"https:\/\/api.w.org\/{rel}","templated":true}]}}