
{"id":9437,"date":"2023-10-10T12:25:38","date_gmt":"2023-10-10T10:25:38","guid":{"rendered":"https:\/\/dev.tandemmadrid.com\/shop\/preventivo-per-il-corso-spagnolo-per-gruppi-standard\/"},"modified":"2024-02-08T17:56:27","modified_gmt":"2024-02-08T16:56:27","slug":"gruppi-standard","status":"publish","type":"product","link":"https:\/\/dev.tandemmadrid.com\/it\/negozio\/gruppi-standard\/","title":{"rendered":"Preventivo per il corso: Spagnolo per gruppi standard"},"content":{"rendered":"<p>Imparare in gruppo \u00e8 molto pi\u00f9 divertente che imparare da soli. Parteciperete a diverse attivit\u00e0 culturali spagnole in cui dovrete mettere in pratica ci\u00f2 che avete imparato in classe.<br \/>\nIl corso standard di spagnolo per gruppi dura almeno una settimana e il gruppo pu\u00f2 seguire tutti i corsi desiderati. I partecipanti frequentano le lezioni di spagnolo nella nostra scuola al mattino per imparare le basi della grammatica, del vocabolario e della conversazione. Nel pomeriggio, le lezioni teoriche di spagnolo si trasformano in una variet\u00e0 di attivit\u00e0 culturali di gruppo, come visite a piedi ai principali siti storici di Madrid, lezioni di cucina spagnola o di ballo flamenco, o gite di un giorno in citt\u00e0 vicine come Avila, Segovia o Toledo.<\/p>\n","protected":false},"excerpt":{"rendered":"<p>Si tratta di un corso su misura. Vi preghiamo di richiedere un preventivo che spieghi tutti i dettagli da considerare, come la durata, il numero di partecipanti, le date di inizio, ecc. Il nostro team vi contatter\u00e0 con una proposta e tutte le informazioni, in modo che possiate prenotare il corso in un secondo momento.<\/p>\n<p style=\"text-align:center;\"><a href=\"\/it\/c\/spagnolo-per-gruppi-standard\/\" title=\"More about the course: Standard Group Spanish Course\" class=\"buttonaction\">Ulteriori informazioni sul corso<\/a><\/p>\n","protected":false},"featured_media":6713,"template":"","meta":[],"product_cat":[130,131],"product_tag":[],"_links":{"self":[{"href":"https:\/\/dev.tandemmadrid.com\/it\/wp-json\/wp\/v2\/product\/9437"}],"collection":[{"href":"https:\/\/dev.tandemmadrid.com\/it\/wp-json\/wp\/v2\/product"}],"about":[{"href":"https:\/\/dev.tandemmadrid.com\/it\/wp-json\/wp\/v2\/types\/product"}],"version-history":[{"count":0,"href":"https:\/\/dev.tandemmadrid.com\/it\/wp-json\/wp\/v2\/product\/9437\/revisions"}],"wp:featuredmedia":[{"embeddable":true,"href":"https:\/\/dev.tandemmadrid.com\/it\/wp-json\/wp\/v2\/media\/6713"}],"wp:attachment":[{"href":"https:\/\/dev.tandemmadrid.com\/it\/wp-json\/wp\/v2\/media?parent=9437"}],"wp:term":[{"taxonomy":"product_cat","embeddable":true,"href":"https:\/\/dev.tandemmadrid.com\/it\/wp-json\/wp\/v2\/product_cat?post=9437"},{"taxonomy":"product_tag","embeddable":true,"href":"https:\/\/dev.tandemmadrid.com\/it\/wp-json\/wp\/v2\/product_tag?post=9437"}],"curies":[{"name":"wp","href":"https:\/\/api.w.org\/{rel}","templated":true}]}}