
{"id":9441,"date":"2023-10-10T18:18:48","date_gmt":"2023-10-10T16:18:48","guid":{"rendered":"https:\/\/dev.tandemmadrid.com\/shop\/prenota-il-corso-lo-spagnolo-e-la-passione-per-la-cucina-gourmet\/"},"modified":"2024-02-02T11:04:41","modified_gmt":"2024-02-02T10:04:41","slug":"cucina-gourmet","status":"publish","type":"product","link":"https:\/\/dev.tandemmadrid.com\/it\/negozio\/cucina-gourmet\/","title":{"rendered":"Prenota il corso: Lo spagnolo e la passione per la cucina gourmet"},"content":{"rendered":"<table class=\"tabla-cursos\" border=\"1px\">\n<tbody>\n<tr>\n<td class=\"celdas-izq\">Date di inizio<\/td>\n<td class=\"celdas-dcha\">TUTTI I LUNED\u00cc DELL\u2019ANNO<\/td>\n<\/tr>\n<tr class=\"fondo-color\">\n<td class=\"celdas-izq\">Lezioni settimanali<\/td>\n<td class=\"celdas-dcha\">20 lezioni di spagnolo a settimana \u2013 4 lezioni al giorno + 2 lezioni a settimana di spagnolo e conversazione dal livello A2.<\/td>\n<\/tr>\n<tr>\n<td class=\"celdas-izq\">Durata<\/td>\n<td class=\"celdas-dcha\">Minimo 1 settimana<\/td>\n<\/tr>\n<tr class=\"fondo-color\">\n<td class=\"celdas-izq\">Livelli<\/td>\n<td class=\"celdas-dcha\">Tutti i livelli<\/td>\n<\/tr>\n<tr class=\"fondo-color\">\n<td class=\"celdas-izq\">Durata di ogni lezione<\/td>\n<td class=\"celdas-dcha\">45 min<\/td>\n<\/tr>\n<tr>\n<td class=\"celdas-izq\">Et\u00e0 minima<\/td>\n<td class=\"celdas-dcha\">18 anni<\/td>\n<\/tr>\n<tr>\n<td class=\"celdas-izq\">Disponibilit\u00e0<\/td>\n<td class=\"celdas-dcha\">Tutto l\u2019anno<\/td>\n<\/tr>\n<tr>\n<td class=\"celdas-izq\">Costi di iscrizione<\/td>\n<td class=\"celdas-dcha\"><strong>50\u20ac<\/strong><\/td>\n<\/tr>\n<\/tbody>\n<\/table>\n","protected":false},"excerpt":{"rendered":"<div>Il &#8220;Corso di spagnolo e passione gastronomica&#8221; di TANDEM Madrid \u00e8 stato progettato per persone di et\u00e0 superiore ai 18 anni che hanno qualsiasi livello di spagnolo. Madrid non solo ti entrer\u00e0 nel cuore attraverso la sua gente e la sua cultura, ma anche attraverso il tuo stomaco.<br \/>\nTANDEM Madrid vuole aiutarti a scoprire Madrid e la sua cucina. Per questo offriamo un programma speciale che combina l&#8217;apprendimento dello spagnolo (20 lezioni di spagnolo a settimana, 4 lezioni al giorno di 45 minuti ciascuna) e attivit\u00e0 gastronomiche.<\/p>\n<p style=\"text-align:center;\"><a href=\"\/it\/c\/spagnolo-e-passione-gourmet\/\" title=\"Per saperne di pi\u00f9 sul corso: Spagnolo e passione gourmet\" class=\"buttonaction\">Per saperne di pi\u00f9 su questo corso<\/a><\/p>\n<\/div>\n","protected":false},"featured_media":6672,"template":"","meta":[],"product_cat":[132,133],"product_tag":[],"_links":{"self":[{"href":"https:\/\/dev.tandemmadrid.com\/it\/wp-json\/wp\/v2\/product\/9441"}],"collection":[{"href":"https:\/\/dev.tandemmadrid.com\/it\/wp-json\/wp\/v2\/product"}],"about":[{"href":"https:\/\/dev.tandemmadrid.com\/it\/wp-json\/wp\/v2\/types\/product"}],"version-history":[{"count":0,"href":"https:\/\/dev.tandemmadrid.com\/it\/wp-json\/wp\/v2\/product\/9441\/revisions"}],"wp:featuredmedia":[{"embeddable":true,"href":"https:\/\/dev.tandemmadrid.com\/it\/wp-json\/wp\/v2\/media\/6672"}],"wp:attachment":[{"href":"https:\/\/dev.tandemmadrid.com\/it\/wp-json\/wp\/v2\/media?parent=9441"}],"wp:term":[{"taxonomy":"product_cat","embeddable":true,"href":"https:\/\/dev.tandemmadrid.com\/it\/wp-json\/wp\/v2\/product_cat?post=9441"},{"taxonomy":"product_tag","embeddable":true,"href":"https:\/\/dev.tandemmadrid.com\/it\/wp-json\/wp\/v2\/product_tag?post=9441"}],"curies":[{"name":"wp","href":"https:\/\/api.w.org\/{rel}","templated":true}]}}