
{"id":9443,"date":"2023-10-10T18:49:00","date_gmt":"2023-10-10T16:49:00","guid":{"rendered":"https:\/\/dev.tandemmadrid.com\/shop\/prenota-il-corso-spagnolo-e-la-passione-per-la-vita-notturna-a-madrid\/"},"modified":"2024-02-02T11:18:57","modified_gmt":"2024-02-02T10:18:57","slug":"vita-notturna-madrid","status":"publish","type":"product","link":"https:\/\/dev.tandemmadrid.com\/it\/negozio\/vita-notturna-madrid\/","title":{"rendered":"Prenota il corso: Spagnolo e la passione per la vita notturna a Madrid"},"content":{"rendered":"<table class=\"tabla-cursos\" width=\"100%\">\n<tbody>\n<tr>\n<td class=\"celdas-izq\"><strong>Data di inizio<\/strong><\/td>\n<td class=\"celdas-dcha\">Ogni luned\u00ec dell\u2019anno<\/td>\n<\/tr>\n<tr>\n<td class=\"celdas-izq\"><strong>Lezioni settimanali<\/strong><\/td>\n<td class=\"celdas-dcha\">20 lezioni\/settimana \u2013 4 lezioni\/giorno + 2 lezioni a settimana di spagnolo e conversazione dal livello A2<\/td>\n<\/tr>\n<tr>\n<td class=\"celdas-izq\"><strong>Durata<\/strong><\/td>\n<td class=\"celdas-dcha\">Minimo 1 settimana di course di spagnolo + 2 attivit\u00e0 accompagnati dagli insider<\/td>\n<\/tr>\n<tr>\n<td class=\"celdas-izq\"><strong>Levelli<\/strong><\/td>\n<td class=\"celdas-dcha\">Tutti i levelli<\/td>\n<\/tr>\n<tr>\n<td class=\"celdas-izq\"><strong>Durata di una lezione<\/strong><\/td>\n<td class=\"celdas-dcha\">45 min<\/td>\n<\/tr>\n<tr>\n<td class=\"celdas-izq\"><strong>Et\u00e0 minima<\/strong><\/td>\n<td class=\"celdas-dcha\">18 anni<\/td>\n<\/tr>\n<tr>\n<td class=\"celdas-izq\"><strong>Attivit\u00e0 culturali<\/strong><\/td>\n<td class=\"celdas-dcha\">\n<p>Tour intorno a Malasa\u00f1a + Tapas di sera<\/p>\n<\/td>\n<\/tr>\n<tr>\n<td class=\"celdas-izq\"><strong>Disponibilit\u00e0<\/strong><\/td>\n<td class=\"celdas-dcha\">Tutto l\u2019anno<\/td>\n<\/tr>\n<tr>\n<td class=\"celdas-izq\"><strong>Quota di iscrizione<\/strong><\/td>\n<td class=\"celdas-dcha\">50\u20ac.<\/td>\n<\/tr>\n<\/tbody>\n<\/table>\n","protected":false},"excerpt":{"rendered":"<p>Il corso di spagnolo e passione per la vita notturna di Madrid&#8221; comprende 20 lezioni a settimana (4 lezioni di 45 minuti al giorno) e due accompagnate da un insegnante-guida specializzato.<br \/>\nPer iscriversi a questo programma \u00e8 necessario avere almeno 18 anni. Non importa se hai conoscenze precedenti di spagnolo o meno, perch\u00e9 il corso \u00e8 adatto a tutti i livelli.<\/p>\n<p style=\"text-align:center;\"><a href=\"\/it\/c\/spagnolo-vita-notturna-madrid\/\" title=\"Per saperne di pi\u00f9 sul corso: Spagnolo e la passione per la vita notturna a Madrid\" class=\"buttonaction\">Per saperne di pi\u00f9 su questo corso<\/a><\/p>\n","protected":false},"featured_media":7384,"template":"","meta":[],"product_cat":[132,133],"product_tag":[],"_links":{"self":[{"href":"https:\/\/dev.tandemmadrid.com\/it\/wp-json\/wp\/v2\/product\/9443"}],"collection":[{"href":"https:\/\/dev.tandemmadrid.com\/it\/wp-json\/wp\/v2\/product"}],"about":[{"href":"https:\/\/dev.tandemmadrid.com\/it\/wp-json\/wp\/v2\/types\/product"}],"version-history":[{"count":0,"href":"https:\/\/dev.tandemmadrid.com\/it\/wp-json\/wp\/v2\/product\/9443\/revisions"}],"wp:featuredmedia":[{"embeddable":true,"href":"https:\/\/dev.tandemmadrid.com\/it\/wp-json\/wp\/v2\/media\/7384"}],"wp:attachment":[{"href":"https:\/\/dev.tandemmadrid.com\/it\/wp-json\/wp\/v2\/media?parent=9443"}],"wp:term":[{"taxonomy":"product_cat","embeddable":true,"href":"https:\/\/dev.tandemmadrid.com\/it\/wp-json\/wp\/v2\/product_cat?post=9443"},{"taxonomy":"product_tag","embeddable":true,"href":"https:\/\/dev.tandemmadrid.com\/it\/wp-json\/wp\/v2\/product_tag?post=9443"}],"curies":[{"name":"wp","href":"https:\/\/api.w.org\/{rel}","templated":true}]}}