
{"id":9456,"date":"2023-10-10T16:47:05","date_gmt":"2023-10-10T14:47:05","guid":{"rendered":"https:\/\/dev.tandemmadrid.com\/shop\/prenota-il-corso-lo-spagnolo-e-la-passione-per-il-cinema-di-almodovar\/"},"modified":"2024-02-02T12:05:12","modified_gmt":"2024-02-02T11:05:12","slug":"cinema-almodovar","status":"publish","type":"product","link":"https:\/\/dev.tandemmadrid.com\/it\/negozio\/cinema-almodovar\/","title":{"rendered":"Prenota il corso: Lo spagnolo e la passione per il cinema di Almodovar"},"content":{"rendered":"<table class=\"tabla-cursos\" border=\"1\">\n<tbody>\n<tr>\n<td class=\"celdas-izq\">Date di inizio<\/td>\n<td class=\"celdas-dcha\">\n<p>TUTTI I LUNED\u00cc DELL\u2019ANNO<\/p>\n<p>I principianti assoluti possono <a class=\"destacado\">iniziare<\/a> solo il primo e il terzo luned\u00ec di ogni mese<\/p>\n<\/td>\n<\/tr>\n<tr class=\"fondo-color\">\n<td class=\"celdas-izq\">Lezioni<\/td>\n<td class=\"celdas-dcha\">20 lezioni a settimana \u2013 4 lezioni al giorno + 2 lezioni a settimana di spagnolo e conversazione dal livello A2<\/td>\n<\/tr>\n<tr>\n<td class=\"celdas-izq\">Durata<\/td>\n<td class=\"celdas-dcha\">Minimo 1 settimana di corso di spagnolo<\/td>\n<\/tr>\n<tr class=\"fondo-color\">\n<td class=\"celdas-izq\">Livelli<\/td>\n<td class=\"celdas-dcha\">Tutti i livelli<\/td>\n<\/tr>\n<tr class=\"fondo-color\">\n<td class=\"celdas-izq\">Durata di ogni lezione<\/td>\n<td class=\"celdas-dcha\">45 min<\/td>\n<\/tr>\n<tr>\n<td class=\"celdas-izq\">Et\u00e0 minima<\/td>\n<td class=\"celdas-dcha\">18 anni<\/td>\n<\/tr>\n<tr class=\"fondo-color\">\n<td class=\"celdas-izq\">Attivit\u00e0 culturali<\/td>\n<td class=\"celdas-dcha\">\n<p>1 tour dei luoghi pi\u00f9 rappresentativi di Madrid che appaiono nei film Almod\u00f3var + 1 classe cinema Almod\u00f3var + 1 sessione film Almod\u00f3var.<\/p>\n<\/td>\n<\/tr>\n<tr>\n<td class=\"celdas-izq\">Disponibilit\u00e0<\/td>\n<td class=\"celdas-dcha\">Tutto l\u2019anno<\/td>\n<\/tr>\n<tr>\n<td class=\"celdas-izq\">Costi di iscrizione<\/td>\n<td class=\"celdas-dcha\"><strong>50\u20ac<\/strong><\/td>\n<\/tr>\n<\/tbody>\n<\/table>\n","protected":false},"excerpt":{"rendered":"<p>Nel corso &#8216;Spagnolo e passione per Almodovar&#8217; di TANDEM Madrid, non solo avrai la possibilit\u00e0 di imparare lo spagnolo in una delle migliori scuole di lingua di Madrid, ma anche di conoscere la citt\u00e0 di Madrid attraverso i film di questo meraviglioso regista.<br \/>\nQuesto programma, disponibile solo per i maggiori di 18 anni, consiste in 20 lezioni mattutine a settimana, 4 lezioni al giorno di 45 minuti ciascuna. Il pomeriggio sono previste attivit\u00e0 culturali tra cui un tour nei luoghi pi\u00f9 emblematici di Madrid che appaiono nei film di Almodovar, una lezione di cinema e una serata di cinema nella Madrid di Almodovar e nella &#8220;Movida Madrile\u00f1a&#8221;.<\/p>\n<p style=\"text-align:center;\"><a href=\"\/it\/c\/spagnolo-e-passione-per-almodovar\/\" title=\"Per saperne di pi\u00f9 sul corso: Spagnolo e passione per Almod\u00f3var\" class=\"buttonaction\">Per saperne di pi\u00f9 su questo corso<\/a><\/p>\n","protected":false},"featured_media":7406,"template":"","meta":[],"product_cat":[132,133],"product_tag":[],"_links":{"self":[{"href":"https:\/\/dev.tandemmadrid.com\/it\/wp-json\/wp\/v2\/product\/9456"}],"collection":[{"href":"https:\/\/dev.tandemmadrid.com\/it\/wp-json\/wp\/v2\/product"}],"about":[{"href":"https:\/\/dev.tandemmadrid.com\/it\/wp-json\/wp\/v2\/types\/product"}],"version-history":[{"count":0,"href":"https:\/\/dev.tandemmadrid.com\/it\/wp-json\/wp\/v2\/product\/9456\/revisions"}],"wp:featuredmedia":[{"embeddable":true,"href":"https:\/\/dev.tandemmadrid.com\/it\/wp-json\/wp\/v2\/media\/7406"}],"wp:attachment":[{"href":"https:\/\/dev.tandemmadrid.com\/it\/wp-json\/wp\/v2\/media?parent=9456"}],"wp:term":[{"taxonomy":"product_cat","embeddable":true,"href":"https:\/\/dev.tandemmadrid.com\/it\/wp-json\/wp\/v2\/product_cat?post=9456"},{"taxonomy":"product_tag","embeddable":true,"href":"https:\/\/dev.tandemmadrid.com\/it\/wp-json\/wp\/v2\/product_tag?post=9456"}],"curies":[{"name":"wp","href":"https:\/\/api.w.org\/{rel}","templated":true}]}}